{"id":3624,"date":"2024-06-09T22:07:10","date_gmt":"2024-06-09T19:07:10","guid":{"rendered":"https:\/\/rudolfdesign.lv\/?post_type=product&#038;p=3624"},"modified":"2024-06-09T22:07:10","modified_gmt":"2024-06-09T19:07:10","slug":"kumode-country-side","status":"publish","type":"product","link":"https:\/\/rudolfdesign.lv\/de\/produkti\/kumode-country-side\/","title":{"rendered":"Kumode &#8222;Country Side&#8220;"},"content":{"rendered":"","protected":false},"excerpt":{"rendered":"<p>Kumode veidota no O\u0161a mas\u012bvkoka(aug\u0161\u0113j\u0101 virsmas da\u013ca) un sapl\u0101k\u0161\u0146a apak\u0161\u0113j\u0101s deta\u013c\u0101s. Aug\u0161\u0113j\u0101 virsma apstr\u0101d\u0101ta ar cietvaska e\u013c\u013cu, apak\u0161\u0113j\u0101 da\u013ca kr\u0101sota un m\u0113beles iek\u0161\u0113j\u0101 da\u013ca pigment\u0113ta ar beici. Izm\u0113ri Augstums 97cm no zemes, platums 180cm, dzi\u013cums 52cm. M\u0113bele veidota ar ieb\u016bvetajiem ritenti\u0146iem lai b\u016btu \u0113rti p\u0101rstumt p\u0113c vajadz\u012bbas, bet tai pat laik\u0101 tik zema ka pat nepaman\u012bsi ka apak\u0161\u0101 ir 5 kau\u010duka ritenti\u0146i(klusi un m\u012bksti kas nedeform\u0113 gr\u012bdas virsmu) ar kop\u0113jo kravnes\u012bbu 250kg, kumod\u0113 ir uzst\u0101d\u012bts pude\u013cu tur\u0113t\u0101js, m\u0113bele veidota t\u0101 lai abas puses b\u016btu k\u0101 fas\u0101des un pieejamas no ab\u0101m pus\u0113m k\u0101 redzams bild\u0113s, durvju aizv\u0113r\u0161anas meh\u0101nisms veidots ar \u201csoft close\u201d e\u0146\u0123\u0113m ar bremzi kur\u0101m ir pievilc\u0113ja funkcija kas notur durvis past\u0101v\u012bgi pievilktas pret plakni un tai pat laik\u0101 ne\u013cauj \u0161\u012bs durvis aizcirst.<\/p>\n<p>Katra \u0161\u0101da m\u0113bele ir unik\u0101l\u0101 un veidota p\u0113c pas\u016bt\u012bt\u0101ja v\u0113lm\u0113m, katrs pats var izv\u0113l\u0113ties plauktu izk\u0101rtojumu, m\u0113beles kr\u0101su, \u0101rpus\u0113, iek\u0161pus\u0113 utt, pas\u016bt\u012btajs pats var noteikt sev v\u0113lamos izm\u0113rus, \u0161is produkts jau ir aizg\u0101jis pie sava pas\u016bt\u012bt\u0101ja, bet bildes kalpo k\u0101 uzskates l\u012bdzeklis J\u016bsu iesp\u0113j\u0101m.<\/p>\n<p>Vid\u0113jais izgatavo\u0161anas laiks 3-4 m\u0113ne\u0161i.<\/p>\n","protected":false},"featured_media":3625,"template":"","meta":[],"product_brand":[],"product_cat":[78],"product_tag":[],"class_list":{"0":"post-3624","1":"product","2":"type-product","3":"status-publish","4":"has-post-thumbnail","6":"product_cat-kumodes","8":"first","9":"instock","10":"shipping-taxable","11":"product-type-simple"},"_links":{"self":[{"href":"https:\/\/rudolfdesign.lv\/de\/wp-json\/wp\/v2\/product\/3624","targetHints":{"allow":["GET"]}}],"collection":[{"href":"https:\/\/rudolfdesign.lv\/de\/wp-json\/wp\/v2\/product"}],"about":[{"href":"https:\/\/rudolfdesign.lv\/de\/wp-json\/wp\/v2\/types\/product"}],"wp:featuredmedia":[{"embeddable":true,"href":"https:\/\/rudolfdesign.lv\/de\/wp-json\/wp\/v2\/media\/3625"}],"wp:attachment":[{"href":"https:\/\/rudolfdesign.lv\/de\/wp-json\/wp\/v2\/media?parent=3624"}],"wp:term":[{"taxonomy":"product_brand","embeddable":true,"href":"https:\/\/rudolfdesign.lv\/de\/wp-json\/wp\/v2\/product_brand?post=3624"},{"taxonomy":"product_cat","embeddable":true,"href":"https:\/\/rudolfdesign.lv\/de\/wp-json\/wp\/v2\/product_cat?post=3624"},{"taxonomy":"product_tag","embeddable":true,"href":"https:\/\/rudolfdesign.lv\/de\/wp-json\/wp\/v2\/product_tag?post=3624"}],"curies":[{"name":"wp","href":"https:\/\/api.w.org\/{rel}","templated":true}]}}