{"id":3583,"date":"2024-02-15T00:02:03","date_gmt":"2024-02-14T22:02:03","guid":{"rendered":"https:\/\/rudolfdesign.lv\/?post_type=product&#038;p=3583"},"modified":"2026-02-21T21:44:40","modified_gmt":"2026-02-21T19:44:40","slug":"peldosa-gulta-ar-retinato-atzveltni","status":"publish","type":"product","link":"https:\/\/rudolfdesign.lv\/de\/produkti\/peldosa-gulta-ar-retinato-atzveltni\/","title":{"rendered":"Peldo\u0161\u0101 gulta ar retin\u0101to atzveltni"},"content":{"rendered":"","protected":false},"excerpt":{"rendered":"<p>Gulta veidota no O\u0161a mas\u012bvkoka apstr\u0101d\u0101ta ar e\u013c\u013cu divos da\u017e\u0101dos to\u0146os un vasku, izm\u0113ri: atzveltnes augstums no zemes 140cm, matra\u010da augstums no zemes 50cm(gulta tiek veidota \u0146emot v\u0113r\u0101 matra\u010da biezumu), gulta izveidota matracim 160x200cm, zem matra\u010da ir divas izvelkamas atvilktnes kuras izvelkas piln\u0101 izvilkum\u0101. Gultas r\u0101mja savienojumi veidoti ar iekaltajiem savienojumiem un m\u016bsdien\u012bgajiem savilk\u0161anas meh\u0101nismiem, kas sekm\u0113 gultas \u0113rtu transport\u0113\u0161anu un t\u0101 nezaud\u0113 savu stipr\u012bbu laika gait\u0101.<br \/>\n\u0160\u012b konkr\u0113t\u0101 gulta jau ir aizbraukusi pie klienta, \u0161\u012bs bildes kalpo k\u0101 uzskates l\u012bdzeklis J\u016bsu iesp\u0113j\u0101m ko J\u016bs varat pas\u016bt\u012bt un ka J\u016bsu idejas sp\u0113jam realiz\u0113t.<br \/>\nCen\u0101 nav iek\u013cauta pieg\u0101de un uzst\u0101d\u012b\u0161ana.<\/p>\n","protected":false},"featured_media":3584,"template":"","meta":[],"product_brand":[],"product_cat":[75],"product_tag":[],"class_list":{"0":"post-3583","1":"product","2":"type-product","3":"status-publish","4":"has-post-thumbnail","6":"product_cat-gultas","8":"first","9":"instock","10":"shipping-taxable","11":"product-type-simple"},"_links":{"self":[{"href":"https:\/\/rudolfdesign.lv\/de\/wp-json\/wp\/v2\/product\/3583","targetHints":{"allow":["GET"]}}],"collection":[{"href":"https:\/\/rudolfdesign.lv\/de\/wp-json\/wp\/v2\/product"}],"about":[{"href":"https:\/\/rudolfdesign.lv\/de\/wp-json\/wp\/v2\/types\/product"}],"wp:featuredmedia":[{"embeddable":true,"href":"https:\/\/rudolfdesign.lv\/de\/wp-json\/wp\/v2\/media\/3584"}],"wp:attachment":[{"href":"https:\/\/rudolfdesign.lv\/de\/wp-json\/wp\/v2\/media?parent=3583"}],"wp:term":[{"taxonomy":"product_brand","embeddable":true,"href":"https:\/\/rudolfdesign.lv\/de\/wp-json\/wp\/v2\/product_brand?post=3583"},{"taxonomy":"product_cat","embeddable":true,"href":"https:\/\/rudolfdesign.lv\/de\/wp-json\/wp\/v2\/product_cat?post=3583"},{"taxonomy":"product_tag","embeddable":true,"href":"https:\/\/rudolfdesign.lv\/de\/wp-json\/wp\/v2\/product_tag?post=3583"}],"curies":[{"name":"wp","href":"https:\/\/api.w.org\/{rel}","templated":true}]}}