{"id":3341,"date":"2023-10-07T20:55:58","date_gmt":"2023-10-07T17:55:58","guid":{"rendered":"https:\/\/rudolfdesign.lv\/?post_type=product&#038;p=3341"},"modified":"2023-10-07T20:55:58","modified_gmt":"2023-10-07T17:55:58","slug":"skrituldelis-face-crusher-pumper-fatso-edition","status":"publish","type":"product","link":"https:\/\/rudolfdesign.lv\/de\/produkti\/skrituldelis-face-crusher-pumper-fatso-edition\/","title":{"rendered":"Skritu\u013cd\u0113lis &#8222;Face Crusher Pumper Fatso Edition&#8220;"},"content":{"rendered":"","protected":false},"excerpt":{"rendered":"<p>Veidots no mitrum iztur\u012bg\u0101 sapl\u0101k\u0161\u0146a, ieliekts attiec\u012bgi terminam \u201cprogressive\u201d, p\u0113das sa\u0137ere perfekta. \u0160im d\u0113lim kustom komplekt\u0101cij\u0101 n\u0101k l\u012bdz Surfskate dzel\u017ei (pump\u0113jamie traki) priek\u0161\u0101 un dubultais \u201cKingpins\u201d aizmugur\u0113 dzi\u013c\u0101kam ieliekumam uz aizmugur\u0113jo p\u0113du un 10mm pac\u0113lums lai lielie ritenti\u0146i neaiz\u0137ertu kl\u0101ju. Katrs \u0161is d\u0113lis ir individu\u0101li nobeidzams, ar gai\u0161u vai tum\u0161u aug\u0161u vai apak\u0161u, katram brauc\u0113jam pa\u0161am ir iesp\u0113ja izv\u0113l\u0113ties savu komplekt\u0101ciju, katram klientam d\u0113li iesp\u0113jams vizu\u0101li noform\u0113t da\u017e\u0101du. Tas pats ar\u012b attiec\u0101s par svaru, varam izveidot d\u0113\u013cus ar liel\u0101ku svara iztur\u012bbu, galvenais ir grib\u0113\u0161ana, \u0161is modeli k\u0101reiz ir ciet\u0101ks, liel\u0101kam svaram un plat\u0101kai st\u0101jai, jeb aizmugur\u0113j\u0101s p\u0113das vieta ir patsiepta gar\u0101ka. Katrs d\u0113lis ir nop\u0113rkams ar\u012b bez rite\u0146iem, j\u0101 tie\u0161i t\u0101 vnk pliks d\u0113lis\/kl\u0101js ja Jums ir pa\u0161iem savi rite\u0146i J\u016bs to nov\u0113rt\u0113siet un ietaup\u012bsiet l\u012bdz pat 102 euro..<\/p>\n<p>Komplekt\u0101 n\u0101k 83X52mm ritenti\u0146i, kas dod liel\u0101ku \u0101trumu nek\u0101 parastie ritenti\u0146i un stabilit\u0101ti pret mazajiem akme\u0146iem, 78A m\u012bksti un klusi, gult\u0146i ABEC-11 augstas klases sl\u0113gtie gult\u0146i paredz\u0113ti lielam \u0101trumam un augstai slodzei.<\/p>\n<p>\u0160is d\u0113lis vair\u0101k dom\u0101ts pieredz\u0113ju\u0161\u0101kiem brauc\u0113jiem, tiem kuri zina savu st\u0101jas platumu un zina k\u0101ds rite\u0146u att\u0101lums vi\u0146u augumam ir viss lab\u0101kais, d\u0113lim ir iesp\u0113ja main\u012bt rite\u0146u atra\u0161anos vietu par trim g\u0101jieniem 110-90cm att\u0101lumu mai\u0146as iesp\u0113ja, \u0161is ir d\u0113lis kur\u0161 p\u0101rbaud\u012bs J\u016bsu sp\u0113jas un iesp\u0113jas nobraucienos un sprintos. Un j\u0101 ar \u0161o Longbordu var maukt pa baseinu.<\/p>\n","protected":false},"featured_media":3344,"template":"","meta":[],"product_brand":[],"product_cat":[107],"product_tag":[],"class_list":{"0":"post-3341","1":"product","2":"type-product","3":"status-publish","4":"has-post-thumbnail","6":"product_cat-skrituldeli","8":"first","9":"instock","10":"shipping-taxable","11":"product-type-variable"},"_links":{"self":[{"href":"https:\/\/rudolfdesign.lv\/de\/wp-json\/wp\/v2\/product\/3341","targetHints":{"allow":["GET"]}}],"collection":[{"href":"https:\/\/rudolfdesign.lv\/de\/wp-json\/wp\/v2\/product"}],"about":[{"href":"https:\/\/rudolfdesign.lv\/de\/wp-json\/wp\/v2\/types\/product"}],"wp:featuredmedia":[{"embeddable":true,"href":"https:\/\/rudolfdesign.lv\/de\/wp-json\/wp\/v2\/media\/3344"}],"wp:attachment":[{"href":"https:\/\/rudolfdesign.lv\/de\/wp-json\/wp\/v2\/media?parent=3341"}],"wp:term":[{"taxonomy":"product_brand","embeddable":true,"href":"https:\/\/rudolfdesign.lv\/de\/wp-json\/wp\/v2\/product_brand?post=3341"},{"taxonomy":"product_cat","embeddable":true,"href":"https:\/\/rudolfdesign.lv\/de\/wp-json\/wp\/v2\/product_cat?post=3341"},{"taxonomy":"product_tag","embeddable":true,"href":"https:\/\/rudolfdesign.lv\/de\/wp-json\/wp\/v2\/product_tag?post=3341"}],"curies":[{"name":"wp","href":"https:\/\/api.w.org\/{rel}","templated":true}]}}