{"id":3273,"date":"2023-10-07T20:41:28","date_gmt":"2023-10-07T17:41:28","guid":{"rendered":"https:\/\/rudolfdesign.lv\/?post_type=product&#038;p=3273"},"modified":"2026-02-21T21:42:18","modified_gmt":"2026-02-21T19:42:18","slug":"ozola-gulta-bez-atzveltnes","status":"publish","type":"product","link":"https:\/\/rudolfdesign.lv\/de\/produkti\/ozola-gulta-bez-atzveltnes\/","title":{"rendered":"Ozola gulta bez atzveltnes"},"content":{"rendered":"","protected":false},"excerpt":{"rendered":"<p>Paredz\u0113ta matracim ar izm\u0113ru 200x180cm. Materi\u0101ls Ozols, apstr\u0101d\u0101ts ar cietvaska e\u013c\u013cu. Matra\u010da apak\u0161kl\u0101js viedots no sapl\u0101k\u0161\u0146a ar ventil\u0101cijas riev\u0101m lai nov\u0113rstu p\u0113l\u0113\u0161anu un pastiprin\u0101tu gaisa cirkul\u0101ciju, gultai ir ar\u012b vidus k\u0101ja pa\u0161\u0101 centr\u0101, gulta ir \u013coti iztur\u012bga un tai pat laik\u0101 \u013coti viegla. Katra \u0161\u0101da gulta ir individu\u0101ls pas\u016bt\u012bjums, uz vietas gatavas neturam.<\/p>\n","protected":false},"featured_media":3274,"template":"","meta":[],"product_brand":[],"product_cat":[75],"product_tag":[],"class_list":{"0":"post-3273","1":"product","2":"type-product","3":"status-publish","4":"has-post-thumbnail","6":"product_cat-gultas","8":"first","9":"instock","10":"shipping-taxable","11":"product-type-simple"},"_links":{"self":[{"href":"https:\/\/rudolfdesign.lv\/de\/wp-json\/wp\/v2\/product\/3273","targetHints":{"allow":["GET"]}}],"collection":[{"href":"https:\/\/rudolfdesign.lv\/de\/wp-json\/wp\/v2\/product"}],"about":[{"href":"https:\/\/rudolfdesign.lv\/de\/wp-json\/wp\/v2\/types\/product"}],"wp:featuredmedia":[{"embeddable":true,"href":"https:\/\/rudolfdesign.lv\/de\/wp-json\/wp\/v2\/media\/3274"}],"wp:attachment":[{"href":"https:\/\/rudolfdesign.lv\/de\/wp-json\/wp\/v2\/media?parent=3273"}],"wp:term":[{"taxonomy":"product_brand","embeddable":true,"href":"https:\/\/rudolfdesign.lv\/de\/wp-json\/wp\/v2\/product_brand?post=3273"},{"taxonomy":"product_cat","embeddable":true,"href":"https:\/\/rudolfdesign.lv\/de\/wp-json\/wp\/v2\/product_cat?post=3273"},{"taxonomy":"product_tag","embeddable":true,"href":"https:\/\/rudolfdesign.lv\/de\/wp-json\/wp\/v2\/product_tag?post=3273"}],"curies":[{"name":"wp","href":"https:\/\/api.w.org\/{rel}","templated":true}]}}