{"id":3132,"date":"2023-07-08T21:01:37","date_gmt":"2023-07-08T18:01:37","guid":{"rendered":"https:\/\/rudolfdesign.lv\/?post_type=product&#038;p=3132"},"modified":"2023-07-08T21:01:37","modified_gmt":"2023-07-08T18:01:37","slug":"skrituldelis-longbords-face-crusher","status":"publish","type":"product","link":"https:\/\/rudolfdesign.lv\/de\/produkti\/skrituldelis-longbords-face-crusher\/","title":{"rendered":"Skritu\u013cd\u0113lis Longbords &#8222;Face Crusher&#8220;"},"content":{"rendered":"","protected":false},"excerpt":{"rendered":"<p>Veidots no mitrum iztur\u012bg\u0101 sapl\u0101k\u0161\u0146a, ieliekts attiec\u012bgi terminam \u201cprogressive\u201d, p\u0113das sa\u0137ere perfekta,(atkar\u012bgs no brauc\u0113ja p\u0113das) paredz\u0113ts brauc\u0113jiem l\u012bdz 120kg. Katrs \u0161is d\u0113lis ir individu\u0101li nobeidzams, ar gai\u0161u vai tum\u0161u aug\u0161u vai apak\u0161u, katram brauc\u0113jam pa\u0161am ir iesp\u0113ja izv\u0113l\u0113ties savu komplekt\u0101ciju, ies\u0101c\u0113jiem ieteiktu d\u0113\u013cus ar smil\u0161pap\u012bra pamatni lai nesl\u012bd k\u0101ja, bet iesp\u0113jams pieredz\u0113ju\u0161\u0101kiem brauc\u0113jiem grib\u0113s bez smil\u0161pap\u012bra vai tie\u0161i otr\u0101d\u0101k ar daudz rupj\u0101ku, k\u0101 jau teicu katram klientam d\u0113li iesp\u0113jams vizu\u0101li noform\u0113t da\u017e\u0101du. Tas pats ar\u012b attiec\u0101s par svaru, varam izveidot d\u0113\u013cus ar liel\u0101ku svara iztur\u012bbu, galvenais ir grib\u0113\u0161ana. Katrs d\u0113lis ir nop\u0113rkams ar\u012b bez rite\u0146iem, j\u0101 tie\u0161i t\u0101 vnk pliks d\u0113lis ja Jums ir pa\u0161iem savi rite\u0146i J\u016bs to nov\u0113rt\u0113siet un ietaup\u012bsiet l\u012bdz pat 60 euro.<\/p>\n<p>Komplekt\u0101 n\u0101k 60X45mm ritenti\u0146i 78A, m\u012bksti un klusi,vgult\u0146i ABEC-9, augstas klases sl\u0113gtie gult\u0146i paredz\u0113ti lielam \u0101trumam un augstai slodzei.<\/p>\n<p>\u0160is d\u0113lis vair\u0101k dom\u0101ts pieredz\u0113ju\u0161\u0101kiem brauc\u0113jiem, tiem kuri zina savu st\u0101jas platumu un zina k\u0101ds rite\u0146u att\u0101lums vi\u0146u augumam ir viss lab\u0101kais, d\u0113lim ir iesp\u0113ja main\u012bt rite\u0146u atra\u0161anos vienu par trim g\u0101jieniem 110-70cm att\u0101lumu mai\u0146as iesp\u0113ja, k\u0101 ar\u012b main\u012bt augstumu, braukt tuvu zemei ar drop thru s\u0113din\u0101jumu vai stiprin\u0101t apak\u0161\u0101 un b\u016bt augst\u0101k no zemes, \u0161is ir d\u0113lis kur\u0161 p\u0101rbaud\u012bs J\u016bsu sp\u0113jas un iesp\u0113jas nobraucienos un sprintos.<\/p>\n","protected":false},"featured_media":3133,"template":"","meta":[],"product_brand":[],"product_cat":[107],"product_tag":[],"class_list":{"0":"post-3132","1":"product","2":"type-product","3":"status-publish","4":"has-post-thumbnail","6":"product_cat-skrituldeli","8":"first","9":"instock","10":"shipping-taxable","11":"product-type-variable"},"_links":{"self":[{"href":"https:\/\/rudolfdesign.lv\/de\/wp-json\/wp\/v2\/product\/3132","targetHints":{"allow":["GET"]}}],"collection":[{"href":"https:\/\/rudolfdesign.lv\/de\/wp-json\/wp\/v2\/product"}],"about":[{"href":"https:\/\/rudolfdesign.lv\/de\/wp-json\/wp\/v2\/types\/product"}],"wp:featuredmedia":[{"embeddable":true,"href":"https:\/\/rudolfdesign.lv\/de\/wp-json\/wp\/v2\/media\/3133"}],"wp:attachment":[{"href":"https:\/\/rudolfdesign.lv\/de\/wp-json\/wp\/v2\/media?parent=3132"}],"wp:term":[{"taxonomy":"product_brand","embeddable":true,"href":"https:\/\/rudolfdesign.lv\/de\/wp-json\/wp\/v2\/product_brand?post=3132"},{"taxonomy":"product_cat","embeddable":true,"href":"https:\/\/rudolfdesign.lv\/de\/wp-json\/wp\/v2\/product_cat?post=3132"},{"taxonomy":"product_tag","embeddable":true,"href":"https:\/\/rudolfdesign.lv\/de\/wp-json\/wp\/v2\/product_tag?post=3132"}],"curies":[{"name":"wp","href":"https:\/\/api.w.org\/{rel}","templated":true}]}}