{"id":3113,"date":"2023-06-05T21:36:55","date_gmt":"2023-06-05T18:36:55","guid":{"rendered":"https:\/\/rudolfdesign.lv\/?post_type=product&#038;p=3113"},"modified":"2023-06-05T21:46:40","modified_gmt":"2023-06-05T18:46:40","slug":"plasu-atskanotaja-skapis","status":"publish","type":"product","link":"https:\/\/rudolfdesign.lv\/de\/produkti\/plasu-atskanotaja-skapis\/","title":{"rendered":"Pla\u0161u atska\u0146ot\u0101ja skapis"},"content":{"rendered":"","protected":false},"excerpt":{"rendered":"<p>Materi\u0101ls Osis, apstr\u0101de e\u013c\u013ca un vasks. Veidots p\u0113c individu\u0101la pas\u016bt\u012bjuma lai b\u016btu vieta gan atska\u0146ot\u0101jam, vadiem, plat\u0113m un ar\u012b I robotam apak\u0161\u0101, katra \u0161\u0101da m\u0113bele ir individu\u0101la un neatk\u0101rtojama, \u0161\u012b m\u0113bele jau priec\u0113 savu pas\u016bt\u012bt\u0101ju, bet J\u016bs varat pas\u016bt\u012bt ko l\u012bdz\u012bgu.<\/p>\n","protected":false},"featured_media":3114,"template":"","meta":[],"product_brand":[],"product_cat":[78],"product_tag":[],"class_list":{"0":"post-3113","1":"product","2":"type-product","3":"status-publish","4":"has-post-thumbnail","6":"product_cat-kumodes","8":"first","9":"instock","10":"shipping-taxable","11":"product-type-simple"},"_links":{"self":[{"href":"https:\/\/rudolfdesign.lv\/de\/wp-json\/wp\/v2\/product\/3113","targetHints":{"allow":["GET"]}}],"collection":[{"href":"https:\/\/rudolfdesign.lv\/de\/wp-json\/wp\/v2\/product"}],"about":[{"href":"https:\/\/rudolfdesign.lv\/de\/wp-json\/wp\/v2\/types\/product"}],"wp:featuredmedia":[{"embeddable":true,"href":"https:\/\/rudolfdesign.lv\/de\/wp-json\/wp\/v2\/media\/3114"}],"wp:attachment":[{"href":"https:\/\/rudolfdesign.lv\/de\/wp-json\/wp\/v2\/media?parent=3113"}],"wp:term":[{"taxonomy":"product_brand","embeddable":true,"href":"https:\/\/rudolfdesign.lv\/de\/wp-json\/wp\/v2\/product_brand?post=3113"},{"taxonomy":"product_cat","embeddable":true,"href":"https:\/\/rudolfdesign.lv\/de\/wp-json\/wp\/v2\/product_cat?post=3113"},{"taxonomy":"product_tag","embeddable":true,"href":"https:\/\/rudolfdesign.lv\/de\/wp-json\/wp\/v2\/product_tag?post=3113"}],"curies":[{"name":"wp","href":"https:\/\/api.w.org\/{rel}","templated":true}]}}