{"id":3024,"date":"2023-06-01T23:09:13","date_gmt":"2023-06-01T20:09:13","guid":{"rendered":"https:\/\/rudolfdesign.lv\/?post_type=product&#038;p=3024"},"modified":"2023-07-17T21:59:56","modified_gmt":"2023-07-17T18:59:56","slug":"skrituldelis-rokets","status":"publish","type":"product","link":"https:\/\/rudolfdesign.lv\/de\/produkti\/skrituldelis-rokets\/","title":{"rendered":"Skritu\u013cd\u0113lis &#8222;Rokets&#8220;"},"content":{"rendered":"","protected":false},"excerpt":{"rendered":"<p>Veidots no mitrum iztur\u012bg\u0101 sapl\u0101k\u0161\u0146a, ieliekts attiec\u012bgi terminam \u201cprogressive\u201d, p\u0113das sa\u0137ere perfekta,(atkar\u012bgs no brauc\u0113ja p\u0113das) paredz\u0113ts brauc\u0113jiem no b\u0113rna l\u012bdz 120kg. \u0160im d\u0113lim kustom komplekt\u0101cij\u0101 n\u0101k l\u012bdz Meraki S6 surfskate dzel\u017ei (pump\u0113jamie traki) ar aizmugur\u0113jo paaugstin\u0101jumu. Katrs \u0161is d\u0113lis ir individu\u0101li nobeidzams, ar gai\u0161u vai tum\u0161u aug\u0161u vai apak\u0161u, katram brauc\u0113jam pa\u0161am ir iesp\u0113ja izv\u0113l\u0113ties savu komplekt\u0101ciju, ies\u0101c\u0113jiem ieteiktu d\u0113\u013cus ar smil\u0161pap\u012bra pamatni lai nesl\u012bd k\u0101ja, bet iesp\u0113jams pieredz\u0113ju\u0161\u0101kiem brauc\u0113jiem grib\u0113s bez smil\u0161pap\u012bra vai tie\u0161i otr\u0101d\u0101k ar daudz rupj\u0101ku, k\u0101 jau teicu katram klientam d\u0113li iesp\u0113jams vizu\u0101li noform\u0113t da\u017e\u0101du. Tas pats ar\u012b attiec\u0101s par svaru, varam izveidot d\u0113\u013cus ar liel\u0101ku svara iztur\u012bbu, galvenais ir grib\u0113\u0161ana. Katrs d\u0113lis ir nop\u0113rkams ar\u012b bez rite\u0146iem, j\u0101 tie\u0161i t\u0101 vnk pliks d\u0113lis ja Jums ir pa\u0161iem savi rite\u0146i J\u016bs to nov\u0113rt\u0113siet un ietaup\u012bsiet l\u012bdz pat 70 euro.<\/p>\n<p>Komplekt\u0101 n\u0101k 60X40mm ritenti\u0146i 78A, m\u012bksti un klusi, gult\u0146i ABEC-9, augstas klases sl\u0113gtie gult\u0146i paredz\u0113ti lielam \u0101trumam un augstai slodzei.<\/p>\n<p>\u0160o d\u0113li vajadz\u0113tu pam\u0113\u0123in\u0101t apg\u016bt ikvienam, rite\u0146u att\u0101lumu attiec\u012bba ir tuv\u0101ka nek\u0101 longam, vair\u0101k saj\u016bta k\u0101 uz rampinieku jeb veco RIPO, ikdienas brauk\u0161anai pa ielu protams vajadz\u0113s labas prasmes, ies\u0101c\u0113jam lab\u0101k s\u0101kum\u0101 tren\u0113ties pa parkiem, bet kad \u0161is d\u0113li ir apg\u016bts vi\u0146\u0161 j\u0113dzienu s\u0113rfot pa asfaltu pasniedz cit\u0101 gaism\u0101, ar \u0161iem pump\u0113jamajiem ritenti\u0146iem var braukt bez atsper\u0161an\u0101s, \u0161is d\u0113lis ir ide\u0101ls maz\u0101s viet\u0101s, viegli manevr\u0113jams, bet lielu \u0101trumu(vair\u0101k par 20km\/h) uz garajiem gabaliem b\u016bs gr\u016bt\u0101k uztur\u0113t nek\u0101 ar gar\u0101ku d\u0113li(ieliektais pintails ar pump\u0113jamajiem rite\u0146iem l\u012bdz 30km\/h). \u0160is ir d\u0113lis kur Jums ir j\u0101str\u0101d\u0101 ar visu \u0137erme\u0146a apak\u0161\u0113jo da\u013cu, bet \u0161eit j\u0113dziens dedzin\u0101t taukus ie\u0146em piln\u012bgi citu apm\u0113ru. Neprotat braukt, bet gribat iem\u0101c\u012bties.. to ar\u012b varam pal\u012bdz\u0113t.<\/p>\n","protected":false},"featured_media":3025,"template":"","meta":[],"product_brand":[],"product_cat":[107],"product_tag":[],"class_list":{"0":"post-3024","1":"product","2":"type-product","3":"status-publish","4":"has-post-thumbnail","6":"product_cat-skrituldeli","8":"first","9":"instock","10":"shipping-taxable","11":"product-type-variable"},"_links":{"self":[{"href":"https:\/\/rudolfdesign.lv\/de\/wp-json\/wp\/v2\/product\/3024","targetHints":{"allow":["GET"]}}],"collection":[{"href":"https:\/\/rudolfdesign.lv\/de\/wp-json\/wp\/v2\/product"}],"about":[{"href":"https:\/\/rudolfdesign.lv\/de\/wp-json\/wp\/v2\/types\/product"}],"wp:featuredmedia":[{"embeddable":true,"href":"https:\/\/rudolfdesign.lv\/de\/wp-json\/wp\/v2\/media\/3025"}],"wp:attachment":[{"href":"https:\/\/rudolfdesign.lv\/de\/wp-json\/wp\/v2\/media?parent=3024"}],"wp:term":[{"taxonomy":"product_brand","embeddable":true,"href":"https:\/\/rudolfdesign.lv\/de\/wp-json\/wp\/v2\/product_brand?post=3024"},{"taxonomy":"product_cat","embeddable":true,"href":"https:\/\/rudolfdesign.lv\/de\/wp-json\/wp\/v2\/product_cat?post=3024"},{"taxonomy":"product_tag","embeddable":true,"href":"https:\/\/rudolfdesign.lv\/de\/wp-json\/wp\/v2\/product_tag?post=3024"}],"curies":[{"name":"wp","href":"https:\/\/api.w.org\/{rel}","templated":true}]}}