{"id":2911,"date":"2023-04-24T22:41:30","date_gmt":"2023-04-24T19:41:30","guid":{"rendered":"https:\/\/rudolfdesign.lv\/?post_type=product&#038;p=2911"},"modified":"2023-07-17T22:01:29","modified_gmt":"2023-07-17T19:01:29","slug":"skrituldelis-osa-longbords","status":"publish","type":"product","link":"https:\/\/rudolfdesign.lv\/de\/produkti\/skrituldelis-osa-longbords\/","title":{"rendered":"Skritu\u013cd\u0113lis &#8222;O\u0161a Longbords&#8220;"},"content":{"rendered":"","protected":false},"excerpt":{"rendered":"<p>Veidots no mitrumiztur\u012bg\u0101 sapl\u0101k\u0161\u0146a paredz\u0113ts brauc\u0113jiem l\u012bdz 120kg. Katrs \u0161is d\u0113lis ir individu\u0101li nobeidzams, ar gai\u0161u vai tum\u0161u aug\u0161u vai apak\u0161u, katram brauc\u0113jam pa\u0161am ir iesp\u0113ja izv\u0113l\u0113ties savu komplekt\u0101ciju, ies\u0101c\u0113jiem ieteiktu d\u0113\u013cus ar smil\u0161pap\u012bra pamatni lai nesl\u012bd k\u0101ja, bet iesp\u0113jams pieredz\u0113ju\u0161\u0101ki brauc\u0113ji grib\u0113s bez smil\u0161pap\u012bra, k\u0101 jau teicu katram klientam d\u0113li iesp\u0113jams vizu\u0101li noform\u0113t da\u017e\u0101du. Tas pats ar\u012b attiec\u0101s par svaru, varam izveidot d\u0113\u013cus ar liel\u0101ku svara iztur\u012bbu, galvenais ir grib\u0113\u0161ana. Katrs d\u0113lis ir nop\u0113rkams ar\u012b bez rite\u0146iem, j\u0101 tie\u0161i t\u0101 vnk pliks d\u0113lis ja Jums ir pa\u0161iem savi rite\u0146i J\u016bs to nov\u0113rt\u0113siet un ietaup\u012bsiet l\u012bdz pat 60 euro.<\/p>\n<p>Komplekt\u0101 n\u0101k 70X51mm ritenti\u0146i 78A, m\u012bksti un klusi,gult\u0146i ABEC-9, augstas klases sl\u0113gtie gult\u0146i paredz\u0113ti lielam \u0101trumam un augstai slodzei.<\/p>\n<p>\u0160is d\u0113lis vair\u0101k var\u0113tu patikt ies\u0101c\u0113jiem un pieredz\u0113ju\u0161iem brauc\u0113jiem, sam\u0113r\u0101 m\u012bksts un viegli apg\u016bstams, manevr\u0113\u0161anas zi\u0146\u0101 padodas vair\u0101k nek\u0101 LDP toties ir ar\u012b nedaudz nestabil\u0101ks jo nav vairs tik tuvu zemei, \u0161is d\u0113lis b\u016btu vidusce\u013c\u0161 starp LDP un Pump\u0113jamo d\u0113li, \u0161\u0101ds d\u0113lis vair\u0101k patiks tiem kam pat\u012bk gari un taisni braucieni, ikdien\u0101 pils\u0113t\u0101 lai ar t\u0101du p\u0101rvietotos ir j\u0101b\u016bt pieredzei kas ir vair\u0101k par ies\u0101c\u0113ju.<\/p>\n","protected":false},"featured_media":2945,"template":"","meta":[],"product_brand":[],"product_cat":[107],"product_tag":[],"class_list":{"0":"post-2911","1":"product","2":"type-product","3":"status-publish","4":"has-post-thumbnail","6":"product_cat-skrituldeli","8":"first","9":"instock","10":"shipping-taxable","11":"product-type-variable"},"_links":{"self":[{"href":"https:\/\/rudolfdesign.lv\/de\/wp-json\/wp\/v2\/product\/2911","targetHints":{"allow":["GET"]}}],"collection":[{"href":"https:\/\/rudolfdesign.lv\/de\/wp-json\/wp\/v2\/product"}],"about":[{"href":"https:\/\/rudolfdesign.lv\/de\/wp-json\/wp\/v2\/types\/product"}],"wp:featuredmedia":[{"embeddable":true,"href":"https:\/\/rudolfdesign.lv\/de\/wp-json\/wp\/v2\/media\/2945"}],"wp:attachment":[{"href":"https:\/\/rudolfdesign.lv\/de\/wp-json\/wp\/v2\/media?parent=2911"}],"wp:term":[{"taxonomy":"product_brand","embeddable":true,"href":"https:\/\/rudolfdesign.lv\/de\/wp-json\/wp\/v2\/product_brand?post=2911"},{"taxonomy":"product_cat","embeddable":true,"href":"https:\/\/rudolfdesign.lv\/de\/wp-json\/wp\/v2\/product_cat?post=2911"},{"taxonomy":"product_tag","embeddable":true,"href":"https:\/\/rudolfdesign.lv\/de\/wp-json\/wp\/v2\/product_tag?post=2911"}],"curies":[{"name":"wp","href":"https:\/\/api.w.org\/{rel}","templated":true}]}}