{"id":2910,"date":"2023-04-24T22:37:55","date_gmt":"2023-04-24T19:37:55","guid":{"rendered":"https:\/\/rudolfdesign.lv\/?post_type=product&#038;p=2910"},"modified":"2023-07-17T22:01:40","modified_gmt":"2023-07-17T19:01:40","slug":"skrituldelis-ldp-kido-drop-deck","status":"publish","type":"product","link":"https:\/\/rudolfdesign.lv\/de\/produkti\/skrituldelis-ldp-kido-drop-deck\/","title":{"rendered":"Skritu\u013cd\u0113lis &#8222;LDP Kido\/Drop deck&#8220;"},"content":{"rendered":"","protected":false},"excerpt":{"rendered":"<p>Veidots no B\u0113rza mitrumiztur\u012bg\u0101 sapl\u0101k\u0161\u0146a paredz\u0113ts b\u0113rnam ar svaru l\u012bdz 50kg. Veidots b\u0113rna augumam, nedaudz \u012bs\u0101ks nek\u0101 parastais LDP, bet b\u0113rna st\u0101jai ide\u0101li, paredz\u0113ts b\u0113rnam praktiski no dienas kad s\u0101k staig\u0101t l\u012bdz dienai kad p\u0101rsniedz savu svaru. Katrs \u0161is d\u0113lis ir individu\u0101li nobeidzams, ar gai\u0161u vai tum\u0161u aug\u0161u vai apak\u0161u, katram brauc\u0113jam pa\u0161am ir iesp\u0113ja izv\u0113l\u0113ties savu komplekt\u0101ciju, ies\u0101c\u0113jiem ieteiktu d\u0113\u013cus ar smil\u0161pap\u012bra pamatni lai nesl\u012bd k\u0101ja, bet iesp\u0113jams pieredz\u0113ju\u0161\u0101ki brauc\u0113ji grib\u0113s bez smil\u0161pap\u012bra, k\u0101 jau teicu katram klientam d\u0113li iesp\u0113jams vizu\u0101li noform\u0113t da\u017e\u0101du. Katrs d\u0113lis ir nop\u0113rkams ar\u012b bez rite\u0146iem, j\u0101 tie\u0161i t\u0101 vnk pliks d\u0113lis ja Jums ir pa\u0161iem savi rite\u0146i J\u016bs to nov\u0113rt\u0113siet un ietaup\u012bsiet l\u012bdz pat 60 euro.<\/p>\n<p>Komplekt\u0101 n\u0101k 70X51mm ritenti\u0146i 78A, m\u012bksti un klusi,gult\u0146i ABEC-9, augstas klases sl\u0113gtie gult\u0146i paredz\u0113ti lielam \u0101trumam un augstai slodzei.<\/p>\n<p>\u0160is d\u0113lis vair\u0101k var\u0113tu patikt ies\u0101c\u0113jiem, sam\u0113r\u0101 ciets un viegli apg\u016bstams, manevr\u0113\u0161anas zi\u0146\u0101 nav no lab\u0101kajiem ta\u010du ies\u0101c\u0113jiem lai apg\u016btu skeitbordu piln\u012bb\u0101 pietiks, d\u0113lis ir stabil\u0101ks tamd\u0113\u013c ka atrodas tuv\u0101k zemei, \u0161\u0101ds d\u0113lis vair\u0101k patiks tiem kam pat\u012bk gari un liel\u0101koties taisni braucieni.<\/p>\n","protected":false},"featured_media":2903,"template":"","meta":[],"product_brand":[],"product_cat":[107],"product_tag":[],"class_list":{"0":"post-2910","1":"product","2":"type-product","3":"status-publish","4":"has-post-thumbnail","6":"product_cat-skrituldeli","8":"first","9":"instock","10":"shipping-taxable","11":"product-type-variable"},"_links":{"self":[{"href":"https:\/\/rudolfdesign.lv\/de\/wp-json\/wp\/v2\/product\/2910","targetHints":{"allow":["GET"]}}],"collection":[{"href":"https:\/\/rudolfdesign.lv\/de\/wp-json\/wp\/v2\/product"}],"about":[{"href":"https:\/\/rudolfdesign.lv\/de\/wp-json\/wp\/v2\/types\/product"}],"wp:featuredmedia":[{"embeddable":true,"href":"https:\/\/rudolfdesign.lv\/de\/wp-json\/wp\/v2\/media\/2903"}],"wp:attachment":[{"href":"https:\/\/rudolfdesign.lv\/de\/wp-json\/wp\/v2\/media?parent=2910"}],"wp:term":[{"taxonomy":"product_brand","embeddable":true,"href":"https:\/\/rudolfdesign.lv\/de\/wp-json\/wp\/v2\/product_brand?post=2910"},{"taxonomy":"product_cat","embeddable":true,"href":"https:\/\/rudolfdesign.lv\/de\/wp-json\/wp\/v2\/product_cat?post=2910"},{"taxonomy":"product_tag","embeddable":true,"href":"https:\/\/rudolfdesign.lv\/de\/wp-json\/wp\/v2\/product_tag?post=2910"}],"curies":[{"name":"wp","href":"https:\/\/api.w.org\/{rel}","templated":true}]}}