{"id":2685,"date":"2023-03-15T20:45:24","date_gmt":"2023-03-15T18:45:24","guid":{"rendered":"https:\/\/rudolfdesign.lv\/?post_type=product&#038;p=2685"},"modified":"2026-02-21T21:45:34","modified_gmt":"2026-02-21T19:45:34","slug":"gultinmaja","status":"publish","type":"product","link":"https:\/\/rudolfdesign.lv\/de\/produkti\/gultinmaja\/","title":{"rendered":"Gulti\u0146m\u0101ja"},"content":{"rendered":"","protected":false},"excerpt":{"rendered":"<p>Gulta veidota no finiera sapl\u0101k\u0161\u0146a nevis OSB,MDF vai k\u0101ds cits koka aizvietot\u0101js, kas padara konstrukciju stabilu un iztur\u012bgu.Katras \u0161\u0101das gultas izveide ir individu\u0101ls darbs, \u0161eit nevar nosaukt vienu konkr\u0113tu cenu visiem jo klients pats nosaka izm\u0113rus, matra\u010di ir d\u0101\u017eadi un to izm\u0113ri ar\u012b kas b\u016btiski maina kop\u0113jo konkstrukcijas izm\u0113ru, bet orient\u0113jo\u0161i \u0161is ir cipars ar kuru b\u016btu j\u0101r\u0113\u0137in\u0101s.<\/p>\n","protected":false},"featured_media":2686,"template":"","meta":[],"product_brand":[],"product_cat":[72,75],"product_tag":[],"class_list":{"0":"post-2685","1":"product","2":"type-product","3":"status-publish","4":"has-post-thumbnail","6":"product_cat-berniem","7":"product_cat-gultas","9":"first","10":"instock","11":"shipping-taxable","12":"product-type-simple"},"_links":{"self":[{"href":"https:\/\/rudolfdesign.lv\/de\/wp-json\/wp\/v2\/product\/2685","targetHints":{"allow":["GET"]}}],"collection":[{"href":"https:\/\/rudolfdesign.lv\/de\/wp-json\/wp\/v2\/product"}],"about":[{"href":"https:\/\/rudolfdesign.lv\/de\/wp-json\/wp\/v2\/types\/product"}],"wp:featuredmedia":[{"embeddable":true,"href":"https:\/\/rudolfdesign.lv\/de\/wp-json\/wp\/v2\/media\/2686"}],"wp:attachment":[{"href":"https:\/\/rudolfdesign.lv\/de\/wp-json\/wp\/v2\/media?parent=2685"}],"wp:term":[{"taxonomy":"product_brand","embeddable":true,"href":"https:\/\/rudolfdesign.lv\/de\/wp-json\/wp\/v2\/product_brand?post=2685"},{"taxonomy":"product_cat","embeddable":true,"href":"https:\/\/rudolfdesign.lv\/de\/wp-json\/wp\/v2\/product_cat?post=2685"},{"taxonomy":"product_tag","embeddable":true,"href":"https:\/\/rudolfdesign.lv\/de\/wp-json\/wp\/v2\/product_tag?post=2685"}],"curies":[{"name":"wp","href":"https:\/\/api.w.org\/{rel}","templated":true}]}}