{"id":2666,"date":"2023-03-15T20:35:09","date_gmt":"2023-03-15T18:35:09","guid":{"rendered":"https:\/\/rudolfdesign.lv\/?post_type=product&#038;p=2666"},"modified":"2024-09-15T21:11:50","modified_gmt":"2024-09-15T18:11:50","slug":"kumode-pakapiens","status":"publish","type":"product","link":"https:\/\/rudolfdesign.lv\/de\/produkti\/kumode-pakapiens\/","title":{"rendered":"Kumode pak\u0101piens"},"content":{"rendered":"","protected":false},"excerpt":{"rendered":"<p>O\u0161a mas\u012bvkoka pak\u0101piens ar iestr\u0101d\u0101t\u0101m atvilktn\u0113m, apstr\u0101de Vasks. Izm\u0113rus un kr\u0101sas toni nosaka klients jo katrs pak\u0101piens augstum\u0101 vai platum\u0101 var b\u016bt individu\u0101ls.<\/p>\n","protected":false},"featured_media":2667,"template":"","meta":[],"product_brand":[],"product_cat":[78],"product_tag":[],"class_list":{"0":"post-2666","1":"product","2":"type-product","3":"status-publish","4":"has-post-thumbnail","6":"product_cat-kumodes","8":"first","9":"instock","10":"shipping-taxable","11":"product-type-simple"},"_links":{"self":[{"href":"https:\/\/rudolfdesign.lv\/de\/wp-json\/wp\/v2\/product\/2666","targetHints":{"allow":["GET"]}}],"collection":[{"href":"https:\/\/rudolfdesign.lv\/de\/wp-json\/wp\/v2\/product"}],"about":[{"href":"https:\/\/rudolfdesign.lv\/de\/wp-json\/wp\/v2\/types\/product"}],"wp:featuredmedia":[{"embeddable":true,"href":"https:\/\/rudolfdesign.lv\/de\/wp-json\/wp\/v2\/media\/2667"}],"wp:attachment":[{"href":"https:\/\/rudolfdesign.lv\/de\/wp-json\/wp\/v2\/media?parent=2666"}],"wp:term":[{"taxonomy":"product_brand","embeddable":true,"href":"https:\/\/rudolfdesign.lv\/de\/wp-json\/wp\/v2\/product_brand?post=2666"},{"taxonomy":"product_cat","embeddable":true,"href":"https:\/\/rudolfdesign.lv\/de\/wp-json\/wp\/v2\/product_cat?post=2666"},{"taxonomy":"product_tag","embeddable":true,"href":"https:\/\/rudolfdesign.lv\/de\/wp-json\/wp\/v2\/product_tag?post=2666"}],"curies":[{"name":"wp","href":"https:\/\/api.w.org\/{rel}","templated":true}]}}