{"id":2596,"date":"2021-11-27T23:05:48","date_gmt":"2021-11-27T21:05:48","guid":{"rendered":"https:\/\/rudolfdesign.lv\/?post_type=product&#038;p=2596"},"modified":"2022-10-15T22:51:26","modified_gmt":"2022-10-15T19:51:26","slug":"melnbalta-kumode","status":"publish","type":"product","link":"https:\/\/rudolfdesign.lv\/de\/produkti\/melnbalta-kumode\/","title":{"rendered":"Melnbalt\u0101 kumode"},"content":{"rendered":"","protected":false},"excerpt":{"rendered":"<p>Materi\u0101ls Osis, izm\u0113ri 120x60x95h, apstr\u0101de: apak\u0161a kr\u0101sota, virsma e\u013c\u013cota un vaskota, veidota p\u0113c individu\u0101la pas\u016bt\u012bjuma, individu\u0101liem izm\u0113riem, m\u0113beles aizmugur\u0113 ir izveidoti caurumi \u016bdens pievadiem un kanaliz\u0101cijas notekai, katra \u0161\u0101da m\u0113bele ir induvidu\u0101ls projekts, klients pats nosaka izm\u0113rus, kr\u0101su un stilu.<\/p>\n","protected":false},"featured_media":2597,"template":"","meta":[],"product_brand":[],"product_cat":[78],"product_tag":[],"class_list":{"0":"post-2596","1":"product","2":"type-product","3":"status-publish","4":"has-post-thumbnail","6":"product_cat-kumodes","8":"first","9":"instock","10":"shipping-taxable","11":"product-type-simple"},"_links":{"self":[{"href":"https:\/\/rudolfdesign.lv\/de\/wp-json\/wp\/v2\/product\/2596","targetHints":{"allow":["GET"]}}],"collection":[{"href":"https:\/\/rudolfdesign.lv\/de\/wp-json\/wp\/v2\/product"}],"about":[{"href":"https:\/\/rudolfdesign.lv\/de\/wp-json\/wp\/v2\/types\/product"}],"wp:featuredmedia":[{"embeddable":true,"href":"https:\/\/rudolfdesign.lv\/de\/wp-json\/wp\/v2\/media\/2597"}],"wp:attachment":[{"href":"https:\/\/rudolfdesign.lv\/de\/wp-json\/wp\/v2\/media?parent=2596"}],"wp:term":[{"taxonomy":"product_brand","embeddable":true,"href":"https:\/\/rudolfdesign.lv\/de\/wp-json\/wp\/v2\/product_brand?post=2596"},{"taxonomy":"product_cat","embeddable":true,"href":"https:\/\/rudolfdesign.lv\/de\/wp-json\/wp\/v2\/product_cat?post=2596"},{"taxonomy":"product_tag","embeddable":true,"href":"https:\/\/rudolfdesign.lv\/de\/wp-json\/wp\/v2\/product_tag?post=2596"}],"curies":[{"name":"wp","href":"https:\/\/api.w.org\/{rel}","templated":true}]}}