{"id":2478,"date":"2021-11-27T23:06:30","date_gmt":"2021-11-27T21:06:30","guid":{"rendered":"https:\/\/rudolfdesign.lv\/?post_type=product&#038;p=2478"},"modified":"2024-09-15T21:18:07","modified_gmt":"2024-09-15T18:18:07","slug":"tip-on-kumode","status":"publish","type":"product","link":"https:\/\/rudolfdesign.lv\/de\/produkti\/tip-on-kumode\/","title":{"rendered":"Tip ON kumode"},"content":{"rendered":"","protected":false},"excerpt":{"rendered":"<p>Materi\u0101ls Osis, izm\u0113ri 180x55x60h, apstr\u0101de e\u013c\u013ca un vasks, veidota p\u0113c individu\u0101liem izm\u0113riem, atvilkt\u0146u un durti\u0146u atv\u0113r\u0161ana uz uzspied un atver\u0101s principa, tas pats ar\u012b aizv\u0113r\u0161anu aizverot uzspied un nofiks\u0113jas, \u0161\u012b m\u0113bele jau ir devusies pie klienta savuk\u0101rt \u0161\u012bs bildes kalpo k\u0101 uzskates l\u012bdzeklis tam ko J\u016bs varat no mums pas\u016bt\u012bt.<\/p>\n","protected":false},"featured_media":2183,"template":"","meta":[],"product_brand":[],"product_cat":[78],"product_tag":[],"class_list":{"0":"post-2478","1":"product","2":"type-product","3":"status-publish","4":"has-post-thumbnail","6":"product_cat-kumodes","8":"first","9":"instock","10":"shipping-taxable","11":"product-type-simple"},"_links":{"self":[{"href":"https:\/\/rudolfdesign.lv\/de\/wp-json\/wp\/v2\/product\/2478","targetHints":{"allow":["GET"]}}],"collection":[{"href":"https:\/\/rudolfdesign.lv\/de\/wp-json\/wp\/v2\/product"}],"about":[{"href":"https:\/\/rudolfdesign.lv\/de\/wp-json\/wp\/v2\/types\/product"}],"wp:featuredmedia":[{"embeddable":true,"href":"https:\/\/rudolfdesign.lv\/de\/wp-json\/wp\/v2\/media\/2183"}],"wp:attachment":[{"href":"https:\/\/rudolfdesign.lv\/de\/wp-json\/wp\/v2\/media?parent=2478"}],"wp:term":[{"taxonomy":"product_brand","embeddable":true,"href":"https:\/\/rudolfdesign.lv\/de\/wp-json\/wp\/v2\/product_brand?post=2478"},{"taxonomy":"product_cat","embeddable":true,"href":"https:\/\/rudolfdesign.lv\/de\/wp-json\/wp\/v2\/product_cat?post=2478"},{"taxonomy":"product_tag","embeddable":true,"href":"https:\/\/rudolfdesign.lv\/de\/wp-json\/wp\/v2\/product_tag?post=2478"}],"curies":[{"name":"wp","href":"https:\/\/api.w.org\/{rel}","templated":true}]}}