{"id":2422,"date":"2021-09-11T19:36:36","date_gmt":"2021-09-11T16:36:36","guid":{"rendered":"https:\/\/rudolfdesign.lv\/?post_type=product&#038;p=2422"},"modified":"2024-09-15T21:18:27","modified_gmt":"2024-09-15T18:18:27","slug":"tv-kumode","status":"publish","type":"product","link":"https:\/\/rudolfdesign.lv\/de\/produkti\/tv-kumode\/","title":{"rendered":"TV kumode"},"content":{"rendered":"","protected":false},"excerpt":{"rendered":"<p>Mas\u012bvkoka kumode veidota no O\u0161a masivkoka, apstr\u0101d\u0101ta ar e\u013c\u013cu un vasku, durvju atv\u0113r\u0161ana veidota uz TIP ON principa jeb uzspied un atver, aizmugur\u0113 piel\u0101goti caurumi komunik\u0101cij\u0101m, izm\u0113ri cm 130*45*75h, starp gr\u012bdu un m\u0113beli ir att\u0101lums t\u0101ds lai i robots var\u0113tu br\u012bvi izbraukt. Katra \u0161\u0101da m\u0113bele ir individu\u0101ls projekts tamd\u0113\u013c izm\u0113ri un kr\u0101su to\u0146i ir pieskanojami klientu v\u0113lm\u0113m.<\/p>\n","protected":false},"featured_media":2423,"template":"","meta":[],"product_brand":[],"product_cat":[78],"product_tag":[],"class_list":{"0":"post-2422","1":"product","2":"type-product","3":"status-publish","4":"has-post-thumbnail","6":"product_cat-kumodes","8":"first","9":"instock","10":"shipping-taxable","11":"product-type-simple"},"_links":{"self":[{"href":"https:\/\/rudolfdesign.lv\/de\/wp-json\/wp\/v2\/product\/2422","targetHints":{"allow":["GET"]}}],"collection":[{"href":"https:\/\/rudolfdesign.lv\/de\/wp-json\/wp\/v2\/product"}],"about":[{"href":"https:\/\/rudolfdesign.lv\/de\/wp-json\/wp\/v2\/types\/product"}],"wp:featuredmedia":[{"embeddable":true,"href":"https:\/\/rudolfdesign.lv\/de\/wp-json\/wp\/v2\/media\/2423"}],"wp:attachment":[{"href":"https:\/\/rudolfdesign.lv\/de\/wp-json\/wp\/v2\/media?parent=2422"}],"wp:term":[{"taxonomy":"product_brand","embeddable":true,"href":"https:\/\/rudolfdesign.lv\/de\/wp-json\/wp\/v2\/product_brand?post=2422"},{"taxonomy":"product_cat","embeddable":true,"href":"https:\/\/rudolfdesign.lv\/de\/wp-json\/wp\/v2\/product_cat?post=2422"},{"taxonomy":"product_tag","embeddable":true,"href":"https:\/\/rudolfdesign.lv\/de\/wp-json\/wp\/v2\/product_tag?post=2422"}],"curies":[{"name":"wp","href":"https:\/\/api.w.org\/{rel}","templated":true}]}}