{"id":2182,"date":"2021-06-30T19:46:25","date_gmt":"2021-06-30T16:46:25","guid":{"rendered":"https:\/\/rudolfdesign.lv\/?post_type=product&#038;p=2182"},"modified":"2024-09-15T21:17:23","modified_gmt":"2024-09-15T18:17:23","slug":"sniegbalta-kumode","status":"publish","type":"product","link":"https:\/\/rudolfdesign.lv\/de\/produkti\/sniegbalta-kumode\/","title":{"rendered":"Sniegbalta kumode"},"content":{"rendered":"","protected":false},"excerpt":{"rendered":"<p>Materi\u0101ls: Osis, apstr\u0101de: e\u013c\u013ca, vasks, izm\u0113ri 140*45*80H(cm). M\u016b\u017ea garantija.<br \/>\nVeidots t\u0101, lai sakristu aizmugur\u0113jie no sienas izejo\u0161ie kr\u0101nu stiprin\u0101jumi, iestr\u0101d\u0101ta izlietne ar visu sifonu un kr\u0101nu. Virsma veidota t\u0101, lai vannas istab\u0101 eso\u0161ais mitrums nedeform\u0113tu mas\u012bvkoka virsmu.<br \/>\nKatra \u0161\u0101da m\u0113bele tiek veidota individu\u0101li pieska\u0146ojot klientu v\u0113lm\u0113m (tonis, materi\u0101ls, izm\u0113ri) katrai \u0161\u0101dai m\u0113belei tiek atsevi\u0161\u0137i apr\u0113\u0137in\u0101ts, kur atrad\u012bsies izlietne, kr\u0101ns, no sienas izn\u0101ko\u0161ie pievadi u.t.t. t\u0101 lai neb\u016btu p\u0101rsteigumi vai k\u0101das citas nesader\u012bbas.<br \/>\nPar atsevi\u0161\u0137u samaksu ir iesp\u0113jama pieg\u0101de un uzst\u0101d\u012b\u0161ana, jebkur.<\/p>\n","protected":false},"featured_media":2441,"template":"","meta":[],"product_brand":[],"product_cat":[78,82],"product_tag":[],"class_list":{"0":"post-2182","1":"product","2":"type-product","3":"status-publish","4":"has-post-thumbnail","6":"product_cat-kumodes","7":"product_cat-vannas-istabai","9":"first","10":"instock","11":"shipping-taxable","12":"product-type-simple"},"_links":{"self":[{"href":"https:\/\/rudolfdesign.lv\/de\/wp-json\/wp\/v2\/product\/2182","targetHints":{"allow":["GET"]}}],"collection":[{"href":"https:\/\/rudolfdesign.lv\/de\/wp-json\/wp\/v2\/product"}],"about":[{"href":"https:\/\/rudolfdesign.lv\/de\/wp-json\/wp\/v2\/types\/product"}],"wp:featuredmedia":[{"embeddable":true,"href":"https:\/\/rudolfdesign.lv\/de\/wp-json\/wp\/v2\/media\/2441"}],"wp:attachment":[{"href":"https:\/\/rudolfdesign.lv\/de\/wp-json\/wp\/v2\/media?parent=2182"}],"wp:term":[{"taxonomy":"product_brand","embeddable":true,"href":"https:\/\/rudolfdesign.lv\/de\/wp-json\/wp\/v2\/product_brand?post=2182"},{"taxonomy":"product_cat","embeddable":true,"href":"https:\/\/rudolfdesign.lv\/de\/wp-json\/wp\/v2\/product_cat?post=2182"},{"taxonomy":"product_tag","embeddable":true,"href":"https:\/\/rudolfdesign.lv\/de\/wp-json\/wp\/v2\/product_tag?post=2182"}],"curies":[{"name":"wp","href":"https:\/\/api.w.org\/{rel}","templated":true}]}}