{"id":2061,"date":"2020-10-19T19:53:39","date_gmt":"2020-10-19T19:53:39","guid":{"rendered":"https:\/\/rudolfdesign.lv\/product\/montessori-bett\/"},"modified":"2022-10-15T22:51:26","modified_gmt":"2022-10-15T19:51:26","slug":"montessori-bett","status":"publish","type":"product","link":"https:\/\/rudolfdesign.lv\/de\/produkti\/montessori-bett\/","title":{"rendered":"Montessori Bett"},"content":{"rendered":"","protected":false},"excerpt":{"rendered":"<p>Dieses Bett besteht aus Birke, einem antibakteriellen Holz, aus dem medizinische Salben hergestellt werden. Das Holz ist mit skandinavischem \u00d6ko\u00f6l und Wachs behandelt, wodurch diese leichten M\u00f6bel vor dem Absorbieren verschiedener schwer zu waschender Flecken wie Wein, Filzstiften und Buntstiften gesch\u00fctzt werden. Dieses spezielle Produkt wurde f\u00fcr Matratzen mit den Gr\u00f6\u00dfen 200 x 80 x 7 cm und 180 x 80 x 7 cm entwickelt. Unter dem Bett befindet sich eine ausziehbare Schublade mit einer Tiefe (in Druckrichtung) von 70 cm und einer H\u00f6he von 20 cm. Die H\u00f6he des Satteldachs des Bettes betr\u00e4gt 2,40 cm, aber jeder Kunde kann die H\u00f6he, Gr\u00f6\u00dfe, Farbe und Matratzengr\u00f6\u00dfe selbst w\u00e4hlen.<\/p>\n","protected":false},"featured_media":718,"template":"","meta":[],"product_brand":[],"product_cat":[93,96],"product_tag":[],"class_list":{"0":"post-2061","1":"product","2":"type-product","3":"status-publish","4":"has-post-thumbnail","6":"product_cat-kinder","7":"product_cat-betten","9":"first","10":"instock","11":"shipping-taxable","12":"product-type-simple"},"_links":{"self":[{"href":"https:\/\/rudolfdesign.lv\/de\/wp-json\/wp\/v2\/product\/2061","targetHints":{"allow":["GET"]}}],"collection":[{"href":"https:\/\/rudolfdesign.lv\/de\/wp-json\/wp\/v2\/product"}],"about":[{"href":"https:\/\/rudolfdesign.lv\/de\/wp-json\/wp\/v2\/types\/product"}],"wp:featuredmedia":[{"embeddable":true,"href":"https:\/\/rudolfdesign.lv\/de\/wp-json\/wp\/v2\/media\/718"}],"wp:attachment":[{"href":"https:\/\/rudolfdesign.lv\/de\/wp-json\/wp\/v2\/media?parent=2061"}],"wp:term":[{"taxonomy":"product_brand","embeddable":true,"href":"https:\/\/rudolfdesign.lv\/de\/wp-json\/wp\/v2\/product_brand?post=2061"},{"taxonomy":"product_cat","embeddable":true,"href":"https:\/\/rudolfdesign.lv\/de\/wp-json\/wp\/v2\/product_cat?post=2061"},{"taxonomy":"product_tag","embeddable":true,"href":"https:\/\/rudolfdesign.lv\/de\/wp-json\/wp\/v2\/product_tag?post=2061"}],"curies":[{"name":"wp","href":"https:\/\/api.w.org\/{rel}","templated":true}]}}