{"id":2060,"date":"2020-10-19T20:42:55","date_gmt":"2020-10-19T17:42:55","guid":{"rendered":"https:\/\/rudolfdesign.lv\/product\/flurtisch-aus-eiche\/"},"modified":"2022-10-15T22:51:21","modified_gmt":"2022-10-15T19:51:21","slug":"flurtisch-aus-eiche","status":"publish","type":"product","link":"https:\/\/rudolfdesign.lv\/de\/produkti\/flurtisch-aus-eiche\/","title":{"rendered":"Flurtisch aus Eiche"},"content":{"rendered":"","protected":false},"excerpt":{"rendered":"<p>Eiche Flurtisch. H\u00f6he 75 cm, Breite 40 cm, L\u00e4nge 140 cm, f\u00fcr die Aufbewahrung in Fluren und anderen engen R\u00e4umen vorgesehen. Behandelt mit \u00d6l und Wachs, um einen nat\u00fcrlich matten Glanz zu verleihen.<br \/>\nEs ist m\u00f6glich diesen Tisch, nach Ihrer gew\u00fcnschten Gr\u00f6\u00dfe, Materiale, Farbe und Farbtone zu bestellen und auch als Esstisch zu verwenden. Auftragsausf\u00fchrungszeit betr\u00e4gt 1-3 Monaten ab Best\u00e4tigung der Auftragsannahme.<\/p>\n","protected":false},"featured_media":847,"template":"","meta":[],"product_brand":[],"product_cat":[95],"product_tag":[],"class_list":{"0":"post-2060","1":"product","2":"type-product","3":"status-publish","4":"has-post-thumbnail","6":"product_cat-tische","8":"first","9":"instock","10":"shipping-taxable","11":"product-type-simple"},"_links":{"self":[{"href":"https:\/\/rudolfdesign.lv\/de\/wp-json\/wp\/v2\/product\/2060","targetHints":{"allow":["GET"]}}],"collection":[{"href":"https:\/\/rudolfdesign.lv\/de\/wp-json\/wp\/v2\/product"}],"about":[{"href":"https:\/\/rudolfdesign.lv\/de\/wp-json\/wp\/v2\/types\/product"}],"wp:featuredmedia":[{"embeddable":true,"href":"https:\/\/rudolfdesign.lv\/de\/wp-json\/wp\/v2\/media\/847"}],"wp:attachment":[{"href":"https:\/\/rudolfdesign.lv\/de\/wp-json\/wp\/v2\/media?parent=2060"}],"wp:term":[{"taxonomy":"product_brand","embeddable":true,"href":"https:\/\/rudolfdesign.lv\/de\/wp-json\/wp\/v2\/product_brand?post=2060"},{"taxonomy":"product_cat","embeddable":true,"href":"https:\/\/rudolfdesign.lv\/de\/wp-json\/wp\/v2\/product_cat?post=2060"},{"taxonomy":"product_tag","embeddable":true,"href":"https:\/\/rudolfdesign.lv\/de\/wp-json\/wp\/v2\/product_tag?post=2060"}],"curies":[{"name":"wp","href":"https:\/\/api.w.org\/{rel}","templated":true}]}}