{"id":2059,"date":"2020-10-26T20:11:24","date_gmt":"2020-10-26T18:11:24","guid":{"rendered":"https:\/\/rudolfdesign.lv\/product\/aufbewahrungskombination-aus-eiche\/"},"modified":"2022-10-15T22:51:19","modified_gmt":"2022-10-15T19:51:19","slug":"aufbewahrungskombination-aus-eiche","status":"publish","type":"product","link":"https:\/\/rudolfdesign.lv\/de\/produkti\/aufbewahrungskombination-aus-eiche\/","title":{"rendered":"Aufbewahrungskombination aus Eiche"},"content":{"rendered":"","protected":false},"excerpt":{"rendered":"<p>Die Aufbewahrungskombination, die aus einer Kommode (197 x 40 x 76,3 cm (H)) und einem Schrank (197 x 40 x 138 (H)) besteht. Beide zusammen f\u00fcllen eine Nische in einer Tiefe von 215 (H) x 197 x 40 cm aus. Das M\u00f6belset besteht aus Sperrholz und Eichenfurnier (1,5 mm dick). Diese Aufbewahrungskombination ist f\u00fcr die wiederholte Demontage vorgesehen. Dieses M\u00f6bel zeigt deutlich die vom Kunden umgesetzten W\u00fcnsche, von der Skizze bis zum umgesetzten Projekt. Rudolf Design ist ein Ort, an dem Ihre Ideen wahr werden.<\/p>\n","protected":false},"featured_media":945,"template":"","meta":[],"product_brand":[],"product_cat":[102],"product_tag":[],"class_list":{"0":"post-2059","1":"product","2":"type-product","3":"status-publish","4":"has-post-thumbnail","6":"product_cat-schraenke","8":"first","9":"instock","10":"shipping-taxable","11":"product-type-simple"},"_links":{"self":[{"href":"https:\/\/rudolfdesign.lv\/de\/wp-json\/wp\/v2\/product\/2059","targetHints":{"allow":["GET"]}}],"collection":[{"href":"https:\/\/rudolfdesign.lv\/de\/wp-json\/wp\/v2\/product"}],"about":[{"href":"https:\/\/rudolfdesign.lv\/de\/wp-json\/wp\/v2\/types\/product"}],"wp:featuredmedia":[{"embeddable":true,"href":"https:\/\/rudolfdesign.lv\/de\/wp-json\/wp\/v2\/media\/945"}],"wp:attachment":[{"href":"https:\/\/rudolfdesign.lv\/de\/wp-json\/wp\/v2\/media?parent=2059"}],"wp:term":[{"taxonomy":"product_brand","embeddable":true,"href":"https:\/\/rudolfdesign.lv\/de\/wp-json\/wp\/v2\/product_brand?post=2059"},{"taxonomy":"product_cat","embeddable":true,"href":"https:\/\/rudolfdesign.lv\/de\/wp-json\/wp\/v2\/product_cat?post=2059"},{"taxonomy":"product_tag","embeddable":true,"href":"https:\/\/rudolfdesign.lv\/de\/wp-json\/wp\/v2\/product_tag?post=2059"}],"curies":[{"name":"wp","href":"https:\/\/api.w.org\/{rel}","templated":true}]}}