{"id":2058,"date":"2020-10-26T20:18:01","date_gmt":"2020-10-26T18:18:01","guid":{"rendered":"https:\/\/rudolfdesign.lv\/product\/eschenkommode-mit-schubladen\/"},"modified":"2022-10-15T22:51:21","modified_gmt":"2022-10-15T19:51:21","slug":"eschenkommode-mit-schubladen","status":"publish","type":"product","link":"https:\/\/rudolfdesign.lv\/de\/produkti\/eschenkommode-mit-schubladen\/","title":{"rendered":"Eschenkommode mit Schubladen"},"content":{"rendered":"","protected":false},"excerpt":{"rendered":"<p>Massivholz Kommode aus Esche, wurde mit \u00d6l und Wachs behandelt. Diese Kommode ist f\u00fcr einen Raum mit hoher Luftfeuchtigkeit gebaut.<br \/>\nDie Oberfl\u00e4che ist aus 41mm dickem Brett mit eingeschnittenen Rillen gebaut, um die Bewegung des Holzes bei erh\u00f6hter Luftfeuchtigkeit und Hitze zu<br \/>\nverhindern. Kommoden k\u00f6nnen nach individuellen Gr\u00f6\u00dfen bestellt werden, aber die auf dem Bild gezeigte Kommode ist 170 x 50 x 80 (H) cm gro\u00df. Die angegebenen Preise verstehen sich exklusive Versandkosten. Diese Kommode hat 2 geschnittene Sp\u00fclenl\u00f6cher. Wenn Sie eine Sp\u00fcle weniger bestellen, reduziert sich der Preis um 50 Euro.<br \/>\nBei diesem Modell werden Tip on Schubladen verwendet. Die Schubladentiefe betr\u00e4gt 27 cm, die Schubladenverl\u00e4ngerung 40 cm.<br \/>\nDie M\u00f6bel haben eine lebenslange Garantie.<br \/>\nLieferung und Installation \u00fcberall sind gegen eine Geb\u00fchr m\u00f6glich.<\/p>\n","protected":false},"featured_media":974,"template":"","meta":[],"product_brand":[],"product_cat":[99,104],"product_tag":[],"class_list":{"0":"post-2058","1":"product","2":"type-product","3":"status-publish","4":"has-post-thumbnail","6":"product_cat-kommoden","7":"product_cat-badezimmer","9":"first","10":"instock","11":"shipping-taxable","12":"product-type-simple"},"_links":{"self":[{"href":"https:\/\/rudolfdesign.lv\/de\/wp-json\/wp\/v2\/product\/2058","targetHints":{"allow":["GET"]}}],"collection":[{"href":"https:\/\/rudolfdesign.lv\/de\/wp-json\/wp\/v2\/product"}],"about":[{"href":"https:\/\/rudolfdesign.lv\/de\/wp-json\/wp\/v2\/types\/product"}],"wp:featuredmedia":[{"embeddable":true,"href":"https:\/\/rudolfdesign.lv\/de\/wp-json\/wp\/v2\/media\/974"}],"wp:attachment":[{"href":"https:\/\/rudolfdesign.lv\/de\/wp-json\/wp\/v2\/media?parent=2058"}],"wp:term":[{"taxonomy":"product_brand","embeddable":true,"href":"https:\/\/rudolfdesign.lv\/de\/wp-json\/wp\/v2\/product_brand?post=2058"},{"taxonomy":"product_cat","embeddable":true,"href":"https:\/\/rudolfdesign.lv\/de\/wp-json\/wp\/v2\/product_cat?post=2058"},{"taxonomy":"product_tag","embeddable":true,"href":"https:\/\/rudolfdesign.lv\/de\/wp-json\/wp\/v2\/product_tag?post=2058"}],"curies":[{"name":"wp","href":"https:\/\/api.w.org\/{rel}","templated":true}]}}