{"id":2057,"date":"2020-10-26T20:23:24","date_gmt":"2020-10-26T18:23:24","guid":{"rendered":"https:\/\/rudolfdesign.lv\/product\/eschenkommode-ohne-schubladen\/"},"modified":"2022-10-15T22:51:21","modified_gmt":"2022-10-15T19:51:21","slug":"eschenkommode-ohne-schubladen","status":"publish","type":"product","link":"https:\/\/rudolfdesign.lv\/de\/produkti\/eschenkommode-ohne-schubladen\/","title":{"rendered":"Eschenkommode ohne Schubladen"},"content":{"rendered":"","protected":false},"excerpt":{"rendered":"<p>Massivholz Kommode aus Esche, wurde mit \u00d6l und Wachs behandelt. Diese Kommode ist f\u00fcr einen Raum mit hoher Luftfeuchtigkeit gebaut. Die<br \/>\nOberfl\u00e4che ist aus 50 mm dickem Brett mit eingeschnittenen Rillen gebaut, um die Bewegung des Holzes bei erh\u00f6hter Luftfeuchtigkeit und Hitze zu<br \/>\nverhindern.<br \/>\nDie Kommodegr\u00f6\u00dfe (in Foto): 160 x 60 x 80cm (H), aber dies k\u00f6nnen nach Kundenwunsch ge\u00e4ndert werden. Die angegebenen Preise verstehen sich exklusive Versandkosten.<\/p>\n","protected":false},"featured_media":985,"template":"","meta":[],"product_brand":[],"product_cat":[99,104],"product_tag":[],"class_list":{"0":"post-2057","1":"product","2":"type-product","3":"status-publish","4":"has-post-thumbnail","6":"product_cat-kommoden","7":"product_cat-badezimmer","9":"first","10":"instock","11":"shipping-taxable","12":"product-type-simple"},"_links":{"self":[{"href":"https:\/\/rudolfdesign.lv\/de\/wp-json\/wp\/v2\/product\/2057","targetHints":{"allow":["GET"]}}],"collection":[{"href":"https:\/\/rudolfdesign.lv\/de\/wp-json\/wp\/v2\/product"}],"about":[{"href":"https:\/\/rudolfdesign.lv\/de\/wp-json\/wp\/v2\/types\/product"}],"wp:featuredmedia":[{"embeddable":true,"href":"https:\/\/rudolfdesign.lv\/de\/wp-json\/wp\/v2\/media\/985"}],"wp:attachment":[{"href":"https:\/\/rudolfdesign.lv\/de\/wp-json\/wp\/v2\/media?parent=2057"}],"wp:term":[{"taxonomy":"product_brand","embeddable":true,"href":"https:\/\/rudolfdesign.lv\/de\/wp-json\/wp\/v2\/product_brand?post=2057"},{"taxonomy":"product_cat","embeddable":true,"href":"https:\/\/rudolfdesign.lv\/de\/wp-json\/wp\/v2\/product_cat?post=2057"},{"taxonomy":"product_tag","embeddable":true,"href":"https:\/\/rudolfdesign.lv\/de\/wp-json\/wp\/v2\/product_tag?post=2057"}],"curies":[{"name":"wp","href":"https:\/\/api.w.org\/{rel}","templated":true}]}}