{"id":2056,"date":"2020-10-26T20:33:58","date_gmt":"2020-10-26T18:33:58","guid":{"rendered":"https:\/\/rudolfdesign.lv\/product\/kommode-oliver-mit-trockner\/"},"modified":"2022-10-15T22:51:22","modified_gmt":"2022-10-15T19:51:22","slug":"kommode-oliver-mit-trockner","status":"publish","type":"product","link":"https:\/\/rudolfdesign.lv\/de\/produkti\/kommode-oliver-mit-trockner\/","title":{"rendered":"Kommode Oliver mit Trockner"},"content":{"rendered":"","protected":false},"excerpt":{"rendered":"<p>Massivholz Kommode aus Esche, mit \u00d6l und Wachs behandelt, Ma\u00dfe 177 x 60 x 100 (H) cm., nach Kundenw\u00fcnschen und \u2013Ideen gefertigt. Die obere Schublade verf\u00fcgt \u00fcber einen speziellen W\u00e4schetrockner mit einer speziellen Halterung, die die Schublade vor dem Brechen durch zu viel Gewicht sch\u00fctzt. Diese M\u00f6belst\u00fcck ist sehr detailliert gefertigt.<\/p>\n","protected":false},"featured_media":1011,"template":"","meta":[],"product_brand":[],"product_cat":[99],"product_tag":[],"class_list":{"0":"post-2056","1":"product","2":"type-product","3":"status-publish","4":"has-post-thumbnail","6":"product_cat-kommoden","8":"first","9":"instock","10":"shipping-taxable","11":"product-type-simple"},"_links":{"self":[{"href":"https:\/\/rudolfdesign.lv\/de\/wp-json\/wp\/v2\/product\/2056","targetHints":{"allow":["GET"]}}],"collection":[{"href":"https:\/\/rudolfdesign.lv\/de\/wp-json\/wp\/v2\/product"}],"about":[{"href":"https:\/\/rudolfdesign.lv\/de\/wp-json\/wp\/v2\/types\/product"}],"wp:featuredmedia":[{"embeddable":true,"href":"https:\/\/rudolfdesign.lv\/de\/wp-json\/wp\/v2\/media\/1011"}],"wp:attachment":[{"href":"https:\/\/rudolfdesign.lv\/de\/wp-json\/wp\/v2\/media?parent=2056"}],"wp:term":[{"taxonomy":"product_brand","embeddable":true,"href":"https:\/\/rudolfdesign.lv\/de\/wp-json\/wp\/v2\/product_brand?post=2056"},{"taxonomy":"product_cat","embeddable":true,"href":"https:\/\/rudolfdesign.lv\/de\/wp-json\/wp\/v2\/product_cat?post=2056"},{"taxonomy":"product_tag","embeddable":true,"href":"https:\/\/rudolfdesign.lv\/de\/wp-json\/wp\/v2\/product_tag?post=2056"}],"curies":[{"name":"wp","href":"https:\/\/api.w.org\/{rel}","templated":true}]}}