{"id":2055,"date":"2020-10-26T20:55:17","date_gmt":"2020-10-26T18:55:17","guid":{"rendered":"https:\/\/rudolfdesign.lv\/product\/mini-kommode\/"},"modified":"2022-10-15T22:51:26","modified_gmt":"2022-10-15T19:51:26","slug":"mini-kommode","status":"publish","type":"product","link":"https:\/\/rudolfdesign.lv\/de\/produkti\/mini-kommode\/","title":{"rendered":"Mini Kommode"},"content":{"rendered":"","protected":false},"excerpt":{"rendered":"<p>Material: Esche. Behandlung: \u00d6l und Wachs. Ma\u00dfe: 80 x 55 x 90 cm (H\u00f6he). Lebenslange Garantie.<br \/>\nDiese Kommode wurde so gebaut, dass sie mit den hinteren Wandausl\u00e4ssen<br \/>\nzusammenpasst. Einbauwaschbecken mit vollem Siphon und Wasserhahn. Die<br \/>\nOberfl\u00e4che ist so gestaltet, dass die Feuchtigkeit im Bad die Massivholzoberfl\u00e4che verformt nicht.<br \/>\nJede Kommode wird individuell nach Kundenwunsch gebaut (Farbe, Materiale,<br \/>\nGr\u00f6\u00dfe). Und f\u00fcr Jede Kommode werden individuelle Kalkulationen gemacht \u2013 Positionierung von Waschbecken, Wasserhahn, Wandausl\u00e4ssen usw.<br \/>\nLieferung und Installation sind \u00fcberall gegen eine Geb\u00fchr m\u00f6glich.<\/p>\n","protected":false},"featured_media":1058,"template":"","meta":[],"product_brand":[],"product_cat":[99,104],"product_tag":[],"class_list":{"0":"post-2055","1":"product","2":"type-product","3":"status-publish","4":"has-post-thumbnail","6":"product_cat-kommoden","7":"product_cat-badezimmer","9":"first","10":"instock","11":"shipping-taxable","12":"product-type-simple"},"_links":{"self":[{"href":"https:\/\/rudolfdesign.lv\/de\/wp-json\/wp\/v2\/product\/2055","targetHints":{"allow":["GET"]}}],"collection":[{"href":"https:\/\/rudolfdesign.lv\/de\/wp-json\/wp\/v2\/product"}],"about":[{"href":"https:\/\/rudolfdesign.lv\/de\/wp-json\/wp\/v2\/types\/product"}],"wp:featuredmedia":[{"embeddable":true,"href":"https:\/\/rudolfdesign.lv\/de\/wp-json\/wp\/v2\/media\/1058"}],"wp:attachment":[{"href":"https:\/\/rudolfdesign.lv\/de\/wp-json\/wp\/v2\/media?parent=2055"}],"wp:term":[{"taxonomy":"product_brand","embeddable":true,"href":"https:\/\/rudolfdesign.lv\/de\/wp-json\/wp\/v2\/product_brand?post=2055"},{"taxonomy":"product_cat","embeddable":true,"href":"https:\/\/rudolfdesign.lv\/de\/wp-json\/wp\/v2\/product_cat?post=2055"},{"taxonomy":"product_tag","embeddable":true,"href":"https:\/\/rudolfdesign.lv\/de\/wp-json\/wp\/v2\/product_tag?post=2055"}],"curies":[{"name":"wp","href":"https:\/\/api.w.org\/{rel}","templated":true}]}}