{"id":2054,"date":"2020-10-26T21:39:23","date_gmt":"2020-10-26T21:39:23","guid":{"rendered":"https:\/\/rudolfdesign.lv\/product\/eschenbett-mit-geschnitztem-muster\/"},"modified":"2022-10-15T22:51:21","modified_gmt":"2022-10-15T19:51:21","slug":"eschenbett-mit-geschnitztem-muster","status":"publish","type":"product","link":"https:\/\/rudolfdesign.lv\/de\/produkti\/eschenbett-mit-geschnitztem-muster\/","title":{"rendered":"Eschenbett mit geschnitztem Muster"},"content":{"rendered":"","protected":false},"excerpt":{"rendered":"<p>Massivholzbett aus Esche. Ma\u00dfe 200 \u00d7 140 mit 8 cm Absenkung, H\u00f6he 50 cm. Das Bett ist nicht mit einem Schutzmaterial (\u00d6l, Wachs, Lack, Beize oder<br \/>\neinem anderen Ton- oder Konservierungsmittel) behandelt, reine Naturholz. Sie<br \/>\nk\u00f6nnen der Farbton selbst ausw\u00e4hlen. Falls Sie das Bett nicht get\u00f6nt m\u00f6chten, wir bieten eine Behandlung mit \u00d6l (durchscheinend) und Wachs an. Diese<br \/>\nBehandlung unterstricht die Holzstruktur und ergibt eine nat\u00fcrliche matte Glanz.<br \/>\nDie speziell f\u00fcr dieses Modell entworfenen Schubladen sind nur auf einer Seite mit einem Gesamtauszug von 140 cm und einer Tragf\u00e4higkeit von 35 kg. Sie k\u00f6nnen die Anordnung der Schubladen selbst ausw\u00e4hlen. Jede Schublade hat eine Tragf\u00e4higkeit von 35 kg.<br \/>\nDie Schubladen werden mit Hilfe von Kugelf\u00fchrungen herausgezogen.<br \/>\nDie Bettrahmengelenke sind mit Schmiedegelenken und modernsten<br \/>\nSpannmechanismen gebaut, die einen einfachen Transport des Bettes<br \/>\nerm\u00f6glichen und mit der Zeit nicht an Festigkeit verlieren.<br \/>\nDer Preis f\u00fcr ein solches Bett ohne Schubladen und gravierten Muster betr\u00e4gt<br \/>\n500 Euro (unabh\u00e4ngig von Bettenbreite). Die Schubladen k\u00f6nnen separat bestellt werden. Ein eingraviertes Muster oder ein Akzent auf einem solchen Bett wird<br \/>\nnach Ihre W\u00fcnsche gemacht. Deswegen die Kosten und L\u00f6sungen<br \/>\nunterschiedlich sind, aber ungef\u00e4hr 100 \u20ac pro Detail.<br \/>\nDer Bettpreis beinhaltet keine Installation und Lieferung.<br \/>\nAusf\u00fchrungszeit: nicht l\u00e4nger als 2 Monate.<\/p>\n","protected":false},"featured_media":1197,"template":"","meta":[],"product_brand":[],"product_cat":[96],"product_tag":[],"class_list":{"0":"post-2054","1":"product","2":"type-product","3":"status-publish","4":"has-post-thumbnail","6":"product_cat-betten","8":"first","9":"instock","10":"shipping-taxable","11":"product-type-simple"},"_links":{"self":[{"href":"https:\/\/rudolfdesign.lv\/de\/wp-json\/wp\/v2\/product\/2054","targetHints":{"allow":["GET"]}}],"collection":[{"href":"https:\/\/rudolfdesign.lv\/de\/wp-json\/wp\/v2\/product"}],"about":[{"href":"https:\/\/rudolfdesign.lv\/de\/wp-json\/wp\/v2\/types\/product"}],"wp:featuredmedia":[{"embeddable":true,"href":"https:\/\/rudolfdesign.lv\/de\/wp-json\/wp\/v2\/media\/1197"}],"wp:attachment":[{"href":"https:\/\/rudolfdesign.lv\/de\/wp-json\/wp\/v2\/media?parent=2054"}],"wp:term":[{"taxonomy":"product_brand","embeddable":true,"href":"https:\/\/rudolfdesign.lv\/de\/wp-json\/wp\/v2\/product_brand?post=2054"},{"taxonomy":"product_cat","embeddable":true,"href":"https:\/\/rudolfdesign.lv\/de\/wp-json\/wp\/v2\/product_cat?post=2054"},{"taxonomy":"product_tag","embeddable":true,"href":"https:\/\/rudolfdesign.lv\/de\/wp-json\/wp\/v2\/product_tag?post=2054"}],"curies":[{"name":"wp","href":"https:\/\/api.w.org\/{rel}","templated":true}]}}