{"id":2053,"date":"2020-10-26T21:43:36","date_gmt":"2020-10-26T21:43:36","guid":{"rendered":"https:\/\/rudolfdesign.lv\/product\/esche-schwebebett\/"},"modified":"2022-10-15T22:51:21","modified_gmt":"2022-10-15T19:51:21","slug":"esche-schwebebett","status":"publish","type":"product","link":"https:\/\/rudolfdesign.lv\/de\/produkti\/esche-schwebebett\/","title":{"rendered":"Esche Schwebebett"},"content":{"rendered":"","protected":false},"excerpt":{"rendered":"<p>Massivholz Bett aus Esche, mit \u00d6l und Wachs behandelt. Ma\u00dfe: R\u00fcckenlehnenh\u00f6he vom Boden 110 cm, Matratzenh\u00f6he vom Boden 50 cm, das Bett ist f\u00fcr eine Matratze 160&#215;200 cm ausgelegt. Unter der Matratze befinden sich zwei ausziehbare Schubladen, die in voller Ausdehnung herausgezogen werden k\u00f6nnen. Die Bettrahmenverbindungen bestehen aus geschmiedeten Verbindungen und modernen Anziehmechanismen, die einen bequemen Transport des Bettes erm\u00f6glichen und mit der Zeit nicht an Festigkeit verlieren.<br \/>\nDieses spezielle Bett ist bereits beim Kunden angekommen. Diese Bilder dienen als visuelle Darstellung. Lieferung und Installation sind nicht im Preis inbegriffen.<\/p>\n","protected":false},"featured_media":1210,"template":"","meta":[],"product_brand":[],"product_cat":[96],"product_tag":[],"class_list":{"0":"post-2053","1":"product","2":"type-product","3":"status-publish","4":"has-post-thumbnail","6":"product_cat-betten","8":"first","9":"instock","10":"shipping-taxable","11":"product-type-simple"},"_links":{"self":[{"href":"https:\/\/rudolfdesign.lv\/de\/wp-json\/wp\/v2\/product\/2053","targetHints":{"allow":["GET"]}}],"collection":[{"href":"https:\/\/rudolfdesign.lv\/de\/wp-json\/wp\/v2\/product"}],"about":[{"href":"https:\/\/rudolfdesign.lv\/de\/wp-json\/wp\/v2\/types\/product"}],"wp:featuredmedia":[{"embeddable":true,"href":"https:\/\/rudolfdesign.lv\/de\/wp-json\/wp\/v2\/media\/1210"}],"wp:attachment":[{"href":"https:\/\/rudolfdesign.lv\/de\/wp-json\/wp\/v2\/media?parent=2053"}],"wp:term":[{"taxonomy":"product_brand","embeddable":true,"href":"https:\/\/rudolfdesign.lv\/de\/wp-json\/wp\/v2\/product_brand?post=2053"},{"taxonomy":"product_cat","embeddable":true,"href":"https:\/\/rudolfdesign.lv\/de\/wp-json\/wp\/v2\/product_cat?post=2053"},{"taxonomy":"product_tag","embeddable":true,"href":"https:\/\/rudolfdesign.lv\/de\/wp-json\/wp\/v2\/product_tag?post=2053"}],"curies":[{"name":"wp","href":"https:\/\/api.w.org\/{rel}","templated":true}]}}