{"id":2050,"date":"2020-12-23T23:04:53","date_gmt":"2020-12-23T21:04:53","guid":{"rendered":"https:\/\/rudolfdesign.lv\/product\/kuchenarbeitsplatten\/"},"modified":"2022-10-16T01:00:11","modified_gmt":"2022-10-15T22:00:11","slug":"kuchenarbeitsplatten","status":"publish","type":"product","link":"https:\/\/rudolfdesign.lv\/de\/produkti\/kuchenarbeitsplatten\/","title":{"rendered":"K\u00fcchenarbeitsplatten"},"content":{"rendered":"","protected":false},"excerpt":{"rendered":"<p>Wir erstellen Arbeitsplatten f\u00fcr K\u00fcchen nach individuellen Gr\u00f6\u00dfen. Dicke 45-50 mm, aber Breite und L\u00e4nge werden vom Kunden festgelegt. Der Kunde kann gew\u00fcnschten Farbton und Material (Eiche, Esche o.a. Holz) ausw\u00e4hlen. Die Oberfl\u00e4chen haben die M\u00f6glichkeit, die \u00d6ffnungen f\u00fcr die Sp\u00fcle, die Ofenoberfl\u00e4che usw. zu schneiden. Lebenslange Garantie gegen Torsion und Biegung.<\/p>\n<p>Behandlung mit \u00d6l und Wachs. Dadurch wird verhindert, dass verschiedene Fl\u00fcssigkeiten in die Oberfl\u00e4che gelangen.<\/p>\n","protected":false},"featured_media":1912,"template":"","meta":[],"product_brand":[],"product_cat":[105],"product_tag":[],"class_list":{"0":"post-2050","1":"product","2":"type-product","3":"status-publish","4":"has-post-thumbnail","6":"product_cat-kueche","8":"first","9":"instock","10":"shipping-taxable","11":"product-type-simple"},"_links":{"self":[{"href":"https:\/\/rudolfdesign.lv\/de\/wp-json\/wp\/v2\/product\/2050","targetHints":{"allow":["GET"]}}],"collection":[{"href":"https:\/\/rudolfdesign.lv\/de\/wp-json\/wp\/v2\/product"}],"about":[{"href":"https:\/\/rudolfdesign.lv\/de\/wp-json\/wp\/v2\/types\/product"}],"wp:featuredmedia":[{"embeddable":true,"href":"https:\/\/rudolfdesign.lv\/de\/wp-json\/wp\/v2\/media\/1912"}],"wp:attachment":[{"href":"https:\/\/rudolfdesign.lv\/de\/wp-json\/wp\/v2\/media?parent=2050"}],"wp:term":[{"taxonomy":"product_brand","embeddable":true,"href":"https:\/\/rudolfdesign.lv\/de\/wp-json\/wp\/v2\/product_brand?post=2050"},{"taxonomy":"product_cat","embeddable":true,"href":"https:\/\/rudolfdesign.lv\/de\/wp-json\/wp\/v2\/product_cat?post=2050"},{"taxonomy":"product_tag","embeddable":true,"href":"https:\/\/rudolfdesign.lv\/de\/wp-json\/wp\/v2\/product_tag?post=2050"}],"curies":[{"name":"wp","href":"https:\/\/api.w.org\/{rel}","templated":true}]}}