{"id":2049,"date":"2020-12-29T21:14:54","date_gmt":"2020-12-29T19:14:54","guid":{"rendered":"https:\/\/rudolfdesign.lv\/product\/schreibtisch\/"},"modified":"2022-10-15T22:51:31","modified_gmt":"2022-10-15T19:51:31","slug":"schreibtisch","status":"publish","type":"product","link":"https:\/\/rudolfdesign.lv\/de\/produkti\/schreibtisch\/","title":{"rendered":"Schreibtisch"},"content":{"rendered":"","protected":false},"excerpt":{"rendered":"<p>Hergestellt aus massivem Eschenholz, Ma\u00dfe 175 x 80 x 80 cm, behandelt mit \u00d6l und Wachs, Kugelschubladen, Vollauszug mit Ausziehmechanismus. Gr\u00f6\u00dfen und Schattierungen k\u00f6nnen je nach Kundenwunsch variieren.<\/p>\n","protected":false},"featured_media":1947,"template":"","meta":[],"product_brand":[],"product_cat":[95],"product_tag":[],"class_list":{"0":"post-2049","1":"product","2":"type-product","3":"status-publish","4":"has-post-thumbnail","6":"product_cat-tische","8":"first","9":"instock","10":"shipping-taxable","11":"product-type-simple"},"_links":{"self":[{"href":"https:\/\/rudolfdesign.lv\/de\/wp-json\/wp\/v2\/product\/2049","targetHints":{"allow":["GET"]}}],"collection":[{"href":"https:\/\/rudolfdesign.lv\/de\/wp-json\/wp\/v2\/product"}],"about":[{"href":"https:\/\/rudolfdesign.lv\/de\/wp-json\/wp\/v2\/types\/product"}],"wp:featuredmedia":[{"embeddable":true,"href":"https:\/\/rudolfdesign.lv\/de\/wp-json\/wp\/v2\/media\/1947"}],"wp:attachment":[{"href":"https:\/\/rudolfdesign.lv\/de\/wp-json\/wp\/v2\/media?parent=2049"}],"wp:term":[{"taxonomy":"product_brand","embeddable":true,"href":"https:\/\/rudolfdesign.lv\/de\/wp-json\/wp\/v2\/product_brand?post=2049"},{"taxonomy":"product_cat","embeddable":true,"href":"https:\/\/rudolfdesign.lv\/de\/wp-json\/wp\/v2\/product_cat?post=2049"},{"taxonomy":"product_tag","embeddable":true,"href":"https:\/\/rudolfdesign.lv\/de\/wp-json\/wp\/v2\/product_tag?post=2049"}],"curies":[{"name":"wp","href":"https:\/\/api.w.org\/{rel}","templated":true}]}}