{"id":1991,"date":"2020-10-19T19:45:28","date_gmt":"2020-10-19T16:45:28","guid":{"rendered":"https:\/\/rudolfdesign.lv\/product\/kinderbox\/"},"modified":"2022-10-15T22:51:22","modified_gmt":"2022-10-15T19:51:22","slug":"kinderbox","status":"publish","type":"product","link":"https:\/\/rudolfdesign.lv\/de\/produkti\/kinderbox\/","title":{"rendered":"Kinderbox"},"content":{"rendered":"","protected":false},"excerpt":{"rendered":"<p>Handgefertigte Kinderbox. Ma\u00dfe: H\u00f6he vom Boden 39 cm, Tiefe 30 cm, Breite 41,5 cm, L\u00e4nge 61 cm, aus Birkensperrholz.Die Box kann als spielerische Fahrzeug f\u00fcr 1-2 Kinder verwendet werden, ist mit R\u00e4dern ausgestattet.<br \/>\nDiese Box wurde mit besonderem Augenmerk auf scharfe Ecken und Splitter entworfen, daher sind die Kanten der Box speziell oval gefr\u00e4st. Diese Kinderbox hat kein \u00d6l oder Wachs Behandlung, nur mit Sandpapier geschliffen, um einen angenehmen Angreifen zu haben.<br \/>\nGegen eine zus\u00e4tzliche Geb\u00fchr k\u00f6nnen Sie auch eine personalisierte Kinderbox mit Namen bestellen.<\/p>\n","protected":false},"featured_media":697,"template":"","meta":[],"product_brand":[],"product_cat":[93],"product_tag":[],"class_list":{"0":"post-1991","1":"product","2":"type-product","3":"status-publish","4":"has-post-thumbnail","6":"product_cat-kinder","8":"first","9":"instock","10":"shipping-taxable","11":"product-type-simple"},"_links":{"self":[{"href":"https:\/\/rudolfdesign.lv\/de\/wp-json\/wp\/v2\/product\/1991","targetHints":{"allow":["GET"]}}],"collection":[{"href":"https:\/\/rudolfdesign.lv\/de\/wp-json\/wp\/v2\/product"}],"about":[{"href":"https:\/\/rudolfdesign.lv\/de\/wp-json\/wp\/v2\/types\/product"}],"wp:featuredmedia":[{"embeddable":true,"href":"https:\/\/rudolfdesign.lv\/de\/wp-json\/wp\/v2\/media\/697"}],"wp:attachment":[{"href":"https:\/\/rudolfdesign.lv\/de\/wp-json\/wp\/v2\/media?parent=1991"}],"wp:term":[{"taxonomy":"product_brand","embeddable":true,"href":"https:\/\/rudolfdesign.lv\/de\/wp-json\/wp\/v2\/product_brand?post=1991"},{"taxonomy":"product_cat","embeddable":true,"href":"https:\/\/rudolfdesign.lv\/de\/wp-json\/wp\/v2\/product_cat?post=1991"},{"taxonomy":"product_tag","embeddable":true,"href":"https:\/\/rudolfdesign.lv\/de\/wp-json\/wp\/v2\/product_tag?post=1991"}],"curies":[{"name":"wp","href":"https:\/\/api.w.org\/{rel}","templated":true}]}}