{"id":1990,"date":"2020-10-26T20:44:14","date_gmt":"2020-10-26T18:44:14","guid":{"rendered":"https:\/\/rudolfdesign.lv\/product\/kommode-merbau\/"},"modified":"2022-10-15T22:51:22","modified_gmt":"2022-10-15T19:51:22","slug":"kommode-merbau","status":"publish","type":"product","link":"https:\/\/rudolfdesign.lv\/de\/produkti\/kommode-merbau\/","title":{"rendered":"Kommode Merbau"},"content":{"rendered":"","protected":false},"excerpt":{"rendered":"<p>Merbau ist aufgrund seiner guten physikalischen, biologischen und mechanischen Eigenschaften besonders f\u00fcr die Vollholzverwendung geeignet. Farbe: mittel- bis dunkelrotbraun. Holz Jahresringe Muster und ausgepr\u00e4gte Farben machen Merbau sehr attraktiv f\u00fcr dekorative Arbeiten. Es ist hart und wasserdicht.<\/p>\n<p>Ma\u00dfe: H\u00f6he 85 cm, Breite 80 cm, Tiefe 52,5 cm, Schubladentiefe 25 cm, Verl\u00e4ngerung 25 cm. Verwendete Materiale: Merbau und Sperrholz. Der wichtigste Faktor bei der Gestaltung dieser Kommode war, dass sich die Kommode im Bad befindet, was eine regelm\u00e4\u00dfige Erh\u00f6hung der Luftfeuchtigkeit bedeutet.Diese Kommode ist mit einem speziellen Wachs behandelt. Dieses Wachs wird auch f\u00fcr SaunaHolzartikel Behandlung verwendet, umvor \u00fcberm\u00e4\u00dfiger Hitze und Feuchtigkeit zu sch\u00fctzen.Die Oberfl\u00e4che wurde intensiv impr\u00e4gniert, um eine \u00fcberm\u00e4\u00dfige Einwirkung von Wasser und Feuchtigkeit zu vermeiden.<br \/>\nEs ist m\u00f6glich, eine solche Kommode mit bestimmte Gr\u00f6\u00dfen, Platz- und Lagerbed\u00fcrfnisse zu bestellen. Diese Kommode hat eine feuchtigkeitsbest\u00e4ndige Rosette f\u00fcr F\u00f6n.<\/p>\n","protected":false},"featured_media":1028,"template":"","meta":[],"product_brand":[],"product_cat":[99,104],"product_tag":[],"class_list":{"0":"post-1990","1":"product","2":"type-product","3":"status-publish","4":"has-post-thumbnail","6":"product_cat-kommoden","7":"product_cat-badezimmer","9":"first","10":"instock","11":"shipping-taxable","12":"product-type-simple"},"_links":{"self":[{"href":"https:\/\/rudolfdesign.lv\/de\/wp-json\/wp\/v2\/product\/1990","targetHints":{"allow":["GET"]}}],"collection":[{"href":"https:\/\/rudolfdesign.lv\/de\/wp-json\/wp\/v2\/product"}],"about":[{"href":"https:\/\/rudolfdesign.lv\/de\/wp-json\/wp\/v2\/types\/product"}],"wp:featuredmedia":[{"embeddable":true,"href":"https:\/\/rudolfdesign.lv\/de\/wp-json\/wp\/v2\/media\/1028"}],"wp:attachment":[{"href":"https:\/\/rudolfdesign.lv\/de\/wp-json\/wp\/v2\/media?parent=1990"}],"wp:term":[{"taxonomy":"product_brand","embeddable":true,"href":"https:\/\/rudolfdesign.lv\/de\/wp-json\/wp\/v2\/product_brand?post=1990"},{"taxonomy":"product_cat","embeddable":true,"href":"https:\/\/rudolfdesign.lv\/de\/wp-json\/wp\/v2\/product_cat?post=1990"},{"taxonomy":"product_tag","embeddable":true,"href":"https:\/\/rudolfdesign.lv\/de\/wp-json\/wp\/v2\/product_tag?post=1990"}],"curies":[{"name":"wp","href":"https:\/\/api.w.org\/{rel}","templated":true}]}}