{"id":1989,"date":"2020-10-26T20:49:26","date_gmt":"2020-10-26T18:49:26","guid":{"rendered":"https:\/\/rudolfdesign.lv\/product\/kommode-unter-der-spule\/"},"modified":"2022-10-15T22:51:22","modified_gmt":"2022-10-15T19:51:22","slug":"kommode-unter-der-spule","status":"publish","type":"product","link":"https:\/\/rudolfdesign.lv\/de\/produkti\/kommode-unter-der-spule\/","title":{"rendered":"Kommode unter der Sp\u00fcle"},"content":{"rendered":"","protected":false},"excerpt":{"rendered":"<p>Esche Kommode unter der Sp\u00fcle, mit \u00d6l und Wachs behandelt, in Sondergr\u00f6\u00dfe gebaut, um unter der Sp\u00fcle zu passen. Diese Kommode ist so gefertigt, dass die Position der Wasserhahn und Wasserz\u00e4hler nicht abgedeckt sind.<br \/>\nDer Preis gilt ohne Lieferung und Installation. Bei Schubladen wird TIP ONbzw. dr\u00fccken und \u00f6ffnen Mechanismus verwendet.<\/p>\n","protected":false},"featured_media":1047,"template":"","meta":[],"product_brand":[],"product_cat":[99,104],"product_tag":[],"class_list":{"0":"post-1989","1":"product","2":"type-product","3":"status-publish","4":"has-post-thumbnail","6":"product_cat-kommoden","7":"product_cat-badezimmer","9":"first","10":"instock","11":"shipping-taxable","12":"product-type-simple"},"_links":{"self":[{"href":"https:\/\/rudolfdesign.lv\/de\/wp-json\/wp\/v2\/product\/1989","targetHints":{"allow":["GET"]}}],"collection":[{"href":"https:\/\/rudolfdesign.lv\/de\/wp-json\/wp\/v2\/product"}],"about":[{"href":"https:\/\/rudolfdesign.lv\/de\/wp-json\/wp\/v2\/types\/product"}],"wp:featuredmedia":[{"embeddable":true,"href":"https:\/\/rudolfdesign.lv\/de\/wp-json\/wp\/v2\/media\/1047"}],"wp:attachment":[{"href":"https:\/\/rudolfdesign.lv\/de\/wp-json\/wp\/v2\/media?parent=1989"}],"wp:term":[{"taxonomy":"product_brand","embeddable":true,"href":"https:\/\/rudolfdesign.lv\/de\/wp-json\/wp\/v2\/product_brand?post=1989"},{"taxonomy":"product_cat","embeddable":true,"href":"https:\/\/rudolfdesign.lv\/de\/wp-json\/wp\/v2\/product_cat?post=1989"},{"taxonomy":"product_tag","embeddable":true,"href":"https:\/\/rudolfdesign.lv\/de\/wp-json\/wp\/v2\/product_tag?post=1989"}],"curies":[{"name":"wp","href":"https:\/\/api.w.org\/{rel}","templated":true}]}}