{"id":1988,"date":"2020-10-19T20:23:20","date_gmt":"2020-10-19T17:23:20","guid":{"rendered":"https:\/\/rudolfdesign.lv\/product\/schulertisch\/"},"modified":"2022-10-15T22:51:31","modified_gmt":"2022-10-15T19:51:31","slug":"schulertisch","status":"publish","type":"product","link":"https:\/\/rudolfdesign.lv\/de\/produkti\/schulertisch\/","title":{"rendered":"Sch\u00fclertisch"},"content":{"rendered":"","protected":false},"excerpt":{"rendered":"<p>Sch\u00fclertisch, nach individuelle Ma\u00df gefertigt, um in eine Ecke des Raumes sowie eine bestimmte H\u00f6he zu passen, so dass ein Sch\u00fcler der bestimmten Altersgruppe bequem bei diesem Tisch lernen k\u00f6nnte, ohne dass R\u00fcckenprobleme auftreten.<br \/>\nDieser Tisch ist aus Eiche und Esche gefertigt, mit \u00d6l und Wachs behandelt.<br \/>\nDie Bilder dienen als Referenz. M\u00f6glich in verschiedene Gr\u00f6\u00dfen und Farben zu bestellen.<br \/>\nDer Preis beinhaltet Lieferung und Installation innerhalb von Riga.<\/p>\n","protected":false},"featured_media":788,"template":"","meta":[],"product_brand":[],"product_cat":[95],"product_tag":[],"class_list":{"0":"post-1988","1":"product","2":"type-product","3":"status-publish","4":"has-post-thumbnail","6":"product_cat-tische","8":"first","9":"instock","10":"shipping-taxable","11":"product-type-simple"},"_links":{"self":[{"href":"https:\/\/rudolfdesign.lv\/de\/wp-json\/wp\/v2\/product\/1988","targetHints":{"allow":["GET"]}}],"collection":[{"href":"https:\/\/rudolfdesign.lv\/de\/wp-json\/wp\/v2\/product"}],"about":[{"href":"https:\/\/rudolfdesign.lv\/de\/wp-json\/wp\/v2\/types\/product"}],"wp:featuredmedia":[{"embeddable":true,"href":"https:\/\/rudolfdesign.lv\/de\/wp-json\/wp\/v2\/media\/788"}],"wp:attachment":[{"href":"https:\/\/rudolfdesign.lv\/de\/wp-json\/wp\/v2\/media?parent=1988"}],"wp:term":[{"taxonomy":"product_brand","embeddable":true,"href":"https:\/\/rudolfdesign.lv\/de\/wp-json\/wp\/v2\/product_brand?post=1988"},{"taxonomy":"product_cat","embeddable":true,"href":"https:\/\/rudolfdesign.lv\/de\/wp-json\/wp\/v2\/product_cat?post=1988"},{"taxonomy":"product_tag","embeddable":true,"href":"https:\/\/rudolfdesign.lv\/de\/wp-json\/wp\/v2\/product_tag?post=1988"}],"curies":[{"name":"wp","href":"https:\/\/api.w.org\/{rel}","templated":true}]}}