{"id":1987,"date":"2020-10-26T21:33:14","date_gmt":"2020-10-26T21:33:14","guid":{"rendered":"https:\/\/rudolfdesign.lv\/product\/massivholzbett-aus-eiche-mit-ruckenlehne\/"},"modified":"2022-10-15T22:51:26","modified_gmt":"2022-10-15T19:51:26","slug":"massivholzbett-aus-eiche-mit-ruckenlehne","status":"publish","type":"product","link":"https:\/\/rudolfdesign.lv\/de\/produkti\/massivholzbett-aus-eiche-mit-ruckenlehne\/","title":{"rendered":"Massivholzbett aus Eiche mit R\u00fcckenlehne"},"content":{"rendered":"","protected":false},"excerpt":{"rendered":"<p>Massivholzbett aus Eiche. Ma\u00dfe 200 \u00d7 180 cm, H\u00f6he 30 cm, Absenkung 5 cm, Abstand zwischen Matratze und R\u00fcckenlehne 2cm, damit das Kissen nicht durchrutscht.<br \/>\nDie Holzbohlen wurden mit \u00d6l und Wachs bendelt. Das \u00d6l unterstricht die Sch\u00f6nheit der Eichenfasern und Wachs ergibt einen matten Glanz.<br \/>\nPflege: mit einem weichen Tuch abwischen und den vorherigen Glanz wieder herstellen. Wenn dies nicht funktioniert, wir empehlen das Bett mit denselben Wachs, der in Produktion genutzt wurde, zu behandeln.<br \/>\nDie Astl\u00f6cher in R\u00fcckenlehne wurden mit Epoxidharz gef\u00fcllt, um die nat\u00fcrliche Optik des Holzes zu unterstreichen und Produktqualit\u00e4t zu erh\u00f6hen.<br \/>\nAusf\u00fchrungszeit f\u00fcr Bett 1-2 Monate, normalerweise 5 Wochen.<\/p>\n","protected":false},"featured_media":1186,"template":"","meta":[],"product_brand":[],"product_cat":[96],"product_tag":[],"class_list":{"0":"post-1987","1":"product","2":"type-product","3":"status-publish","4":"has-post-thumbnail","6":"product_cat-betten","8":"first","9":"instock","10":"shipping-taxable","11":"product-type-simple"},"_links":{"self":[{"href":"https:\/\/rudolfdesign.lv\/de\/wp-json\/wp\/v2\/product\/1987","targetHints":{"allow":["GET"]}}],"collection":[{"href":"https:\/\/rudolfdesign.lv\/de\/wp-json\/wp\/v2\/product"}],"about":[{"href":"https:\/\/rudolfdesign.lv\/de\/wp-json\/wp\/v2\/types\/product"}],"wp:featuredmedia":[{"embeddable":true,"href":"https:\/\/rudolfdesign.lv\/de\/wp-json\/wp\/v2\/media\/1186"}],"wp:attachment":[{"href":"https:\/\/rudolfdesign.lv\/de\/wp-json\/wp\/v2\/media?parent=1987"}],"wp:term":[{"taxonomy":"product_brand","embeddable":true,"href":"https:\/\/rudolfdesign.lv\/de\/wp-json\/wp\/v2\/product_brand?post=1987"},{"taxonomy":"product_cat","embeddable":true,"href":"https:\/\/rudolfdesign.lv\/de\/wp-json\/wp\/v2\/product_cat?post=1987"},{"taxonomy":"product_tag","embeddable":true,"href":"https:\/\/rudolfdesign.lv\/de\/wp-json\/wp\/v2\/product_tag?post=1987"}],"curies":[{"name":"wp","href":"https:\/\/api.w.org\/{rel}","templated":true}]}}