{"id":1985,"date":"2020-10-27T15:35:42","date_gmt":"2020-10-27T13:35:42","guid":{"rendered":"https:\/\/rudolfdesign.lv\/product\/messerhalter\/"},"modified":"2022-10-15T22:51:26","modified_gmt":"2022-10-15T19:51:26","slug":"messerhalter","status":"publish","type":"product","link":"https:\/\/rudolfdesign.lv\/de\/produkti\/messerhalter\/","title":{"rendered":"Messerhalter"},"content":{"rendered":"","protected":false},"excerpt":{"rendered":"<p>Hochwertiger K\u00fcchenmesserhalter, 35,5 cm lang, 5 cm hoch. Aus Merbauholz gefertigt (sehr widerstandsf\u00e4higes und hartes Holz), mit Lein\u00f6l impr\u00e4gniert. F\u00fcr die Wandmontage vorgesehen, in verschiedenen L\u00e4ngen erh\u00e4ltlich und kann nach Vereinbarung installiert werden.<\/p>\n","protected":false},"featured_media":1269,"template":"","meta":[],"product_brand":[],"product_cat":[105],"product_tag":[],"class_list":{"0":"post-1985","1":"product","2":"type-product","3":"status-publish","4":"has-post-thumbnail","6":"product_cat-kueche","8":"first","9":"instock","10":"shipping-taxable","11":"product-type-simple"},"_links":{"self":[{"href":"https:\/\/rudolfdesign.lv\/de\/wp-json\/wp\/v2\/product\/1985","targetHints":{"allow":["GET"]}}],"collection":[{"href":"https:\/\/rudolfdesign.lv\/de\/wp-json\/wp\/v2\/product"}],"about":[{"href":"https:\/\/rudolfdesign.lv\/de\/wp-json\/wp\/v2\/types\/product"}],"wp:featuredmedia":[{"embeddable":true,"href":"https:\/\/rudolfdesign.lv\/de\/wp-json\/wp\/v2\/media\/1269"}],"wp:attachment":[{"href":"https:\/\/rudolfdesign.lv\/de\/wp-json\/wp\/v2\/media?parent=1985"}],"wp:term":[{"taxonomy":"product_brand","embeddable":true,"href":"https:\/\/rudolfdesign.lv\/de\/wp-json\/wp\/v2\/product_brand?post=1985"},{"taxonomy":"product_cat","embeddable":true,"href":"https:\/\/rudolfdesign.lv\/de\/wp-json\/wp\/v2\/product_cat?post=1985"},{"taxonomy":"product_tag","embeddable":true,"href":"https:\/\/rudolfdesign.lv\/de\/wp-json\/wp\/v2\/product_tag?post=1985"}],"curies":[{"name":"wp","href":"https:\/\/api.w.org\/{rel}","templated":true}]}}