{"id":1984,"date":"2020-10-26T21:24:01","date_gmt":"2020-10-26T21:24:01","guid":{"rendered":"https:\/\/rudolfdesign.lv\/product\/massivholzbett-aus-esche-mit-ruckenlehne\/"},"modified":"2022-10-15T22:51:26","modified_gmt":"2022-10-15T19:51:26","slug":"massivholzbett-aus-esche-mit-ruckenlehne","status":"publish","type":"product","link":"https:\/\/rudolfdesign.lv\/de\/produkti\/massivholzbett-aus-esche-mit-ruckenlehne\/","title":{"rendered":"Massivholzbett aus Esche mit R\u00fcckenlehne"},"content":{"rendered":"","protected":false},"excerpt":{"rendered":"<p>Massivholzbett aus lettischer Esche, mit \u00d6l und Wachs behandelt. H\u00f6he 50 cm vom Boden, f\u00fcr eine Matratze 200 x 180 x 20 cm mit einem Absenkung von 8 cm geeignet. Der Absenkung ist so geplant, dass das Kissen die L\u00fccke abdeckt und damit durch die Spalte im R\u00fccken aus dem Bett nicht f\u00e4llt.<br \/>\nDer Schubladenmechanismus besteht aus Kugelf\u00fchrungen, der Auszug ist 45 cm, Gesamtl\u00e4nge 70 cm, Tiefe 25 cm, Tragf\u00e4higkeit 35 kg.<br \/>\nDiese Bilder dienen als Referenz um zu zeigen welche m\u00f6glichkeiten gibt es. Alle Bette werden ma\u00dfgefertigt. Sie k\u00f6nnen die Farben, Gr\u00f6\u00dfe und Schublademechanismen des Bettes selbst ausw\u00e4hlen. Wir arbeiten mit verschiedenen Armaturenherstellern zusammen.<br \/>\nAusf\u00fchrungszeit f\u00fcr Bett 2 Monate. Lieferung und Installation sind \u00fcberall gegen eine Geb\u00fchr m\u00f6glich.<\/p>\n","protected":false},"featured_media":1144,"template":"","meta":[],"product_brand":[],"product_cat":[96],"product_tag":[],"class_list":{"0":"post-1984","1":"product","2":"type-product","3":"status-publish","4":"has-post-thumbnail","6":"product_cat-betten","8":"first","9":"instock","10":"shipping-taxable","11":"product-type-simple"},"_links":{"self":[{"href":"https:\/\/rudolfdesign.lv\/de\/wp-json\/wp\/v2\/product\/1984","targetHints":{"allow":["GET"]}}],"collection":[{"href":"https:\/\/rudolfdesign.lv\/de\/wp-json\/wp\/v2\/product"}],"about":[{"href":"https:\/\/rudolfdesign.lv\/de\/wp-json\/wp\/v2\/types\/product"}],"wp:featuredmedia":[{"embeddable":true,"href":"https:\/\/rudolfdesign.lv\/de\/wp-json\/wp\/v2\/media\/1144"}],"wp:attachment":[{"href":"https:\/\/rudolfdesign.lv\/de\/wp-json\/wp\/v2\/media?parent=1984"}],"wp:term":[{"taxonomy":"product_brand","embeddable":true,"href":"https:\/\/rudolfdesign.lv\/de\/wp-json\/wp\/v2\/product_brand?post=1984"},{"taxonomy":"product_cat","embeddable":true,"href":"https:\/\/rudolfdesign.lv\/de\/wp-json\/wp\/v2\/product_cat?post=1984"},{"taxonomy":"product_tag","embeddable":true,"href":"https:\/\/rudolfdesign.lv\/de\/wp-json\/wp\/v2\/product_tag?post=1984"}],"curies":[{"name":"wp","href":"https:\/\/api.w.org\/{rel}","templated":true}]}}