{"id":1983,"date":"2020-10-26T21:04:42","date_gmt":"2020-10-26T21:04:42","guid":{"rendered":"https:\/\/rudolfdesign.lv\/product\/massivholzbett-wenge\/"},"modified":"2022-10-15T22:51:26","modified_gmt":"2022-10-15T19:51:26","slug":"massivholzbett-wenge","status":"publish","type":"product","link":"https:\/\/rudolfdesign.lv\/de\/produkti\/massivholzbett-wenge\/","title":{"rendered":"Massivholzbett Wenge"},"content":{"rendered":"","protected":false},"excerpt":{"rendered":"<p>Wenge ist ein begehrter Farbton in Interiordesign und wird h\u00e4ufig in M\u00f6beln, T\u00fcren und Fu\u00dfb\u00f6den verwendet. Einerseits ist Wenge ein sehr sch\u00f6ner Farbton mit edlem Look. Auf der anderen Seite ist es ein asketischer, einfacher und komfortabler Ton. Diese Farbe hat eine sehr sch\u00f6ne Holzstruktur und ein etwas mysteri\u00f6ses afrikanisches Motiv, was in den meisten F\u00e4llen ein Zeichen f\u00fcr Komfort, Stabilit\u00e4t und Nat\u00fcrlichkeit ist.<\/p>\n<p>Das Massivholzbett aus Esche mit Farbakzent von Wenge. Ma\u00dfe: 200 x 160 cm mit 10 cm Absenkung, H\u00f6he 50 cm, mit \u00d6l und Wachs behandelt. Sie k\u00f6nnen selbst die Gr\u00f6\u00dfe, Farbton oder Akzent des Bettes ausw\u00e4hlen. Falls Sie das Bett nicht t\u00f6nen m\u00f6chten, wir empfehlen die Behandlung mit \u00d6l (durchscheinend) und Wachs, um die Struktur des Holzes hervorzuheben und einen nat\u00fcrlichen matten Glanz zu erzielen.<br \/>\nDie Schubladen f\u00fcr dieses Modell sind mit einer Verl\u00e4ngerung von 45 cm und einer Tragf\u00e4higkeit von 35 kg gefertigt. Die Schubladen werden mit Hilfe von Kugelf\u00fchrungen herausgezogen.<br \/>\nDie Bettrahmengelenke sind mit Schmiedegelenken und modernsten Spannmechanismen eingerichtet, die einen einfachen Transport des Bettes erm\u00f6glichen und mit der Zeit nicht an Festigkeit verlieren.<br \/>\nDieses spezielle Bett ist bereits bei den Kunden. Diese Bilder dienen als Referenz f\u00fcr Optionen, die Sie bestellen k\u00f6nnen und die wir f\u00fcr Sie umsetzen k\u00f6nnen.<\/p>\n","protected":false},"featured_media":1073,"template":"","meta":[],"product_brand":[],"product_cat":[96],"product_tag":[],"class_list":{"0":"post-1983","1":"product","2":"type-product","3":"status-publish","4":"has-post-thumbnail","6":"product_cat-betten","8":"first","9":"instock","10":"shipping-taxable","11":"product-type-simple"},"_links":{"self":[{"href":"https:\/\/rudolfdesign.lv\/de\/wp-json\/wp\/v2\/product\/1983","targetHints":{"allow":["GET"]}}],"collection":[{"href":"https:\/\/rudolfdesign.lv\/de\/wp-json\/wp\/v2\/product"}],"about":[{"href":"https:\/\/rudolfdesign.lv\/de\/wp-json\/wp\/v2\/types\/product"}],"wp:featuredmedia":[{"embeddable":true,"href":"https:\/\/rudolfdesign.lv\/de\/wp-json\/wp\/v2\/media\/1073"}],"wp:attachment":[{"href":"https:\/\/rudolfdesign.lv\/de\/wp-json\/wp\/v2\/media?parent=1983"}],"wp:term":[{"taxonomy":"product_brand","embeddable":true,"href":"https:\/\/rudolfdesign.lv\/de\/wp-json\/wp\/v2\/product_brand?post=1983"},{"taxonomy":"product_cat","embeddable":true,"href":"https:\/\/rudolfdesign.lv\/de\/wp-json\/wp\/v2\/product_cat?post=1983"},{"taxonomy":"product_tag","embeddable":true,"href":"https:\/\/rudolfdesign.lv\/de\/wp-json\/wp\/v2\/product_tag?post=1983"}],"curies":[{"name":"wp","href":"https:\/\/api.w.org\/{rel}","templated":true}]}}