{"id":1982,"date":"2020-10-26T20:28:32","date_gmt":"2020-10-26T18:28:32","guid":{"rendered":"https:\/\/rudolfdesign.lv\/product\/massivholzkommode-aus-esche-mit-graviertem-muster\/"},"modified":"2022-10-15T22:51:26","modified_gmt":"2022-10-15T19:51:26","slug":"massivholzkommode-aus-esche-mit-graviertem-muster","status":"publish","type":"product","link":"https:\/\/rudolfdesign.lv\/de\/produkti\/massivholzkommode-aus-esche-mit-graviertem-muster\/","title":{"rendered":"Massivholzkommode aus Esche mit graviertem Muster"},"content":{"rendered":"","protected":false},"excerpt":{"rendered":"<p>Massivholzkommode aus lettischer Esche, H\u00f6he 150 cm, Breite 60 cm, Tiefe 30 cm, Schubladenbreite 25 cm, Tiefe 40 cm. Passend zu einem vorbestellten M\u00f6belset mit graviertem Muster. Beim Bau dieser Kommode wurden viele Faktoren bzw. Sockelleisten, Kabel und Kommunikation ber\u00fccksichtigt. Eine Kommode dieser H\u00f6he soll zus\u00e4tzlich mit Sicherheitsschrauben an der Wand befestigt werden, um ein Umkippen zu verhindern.<br \/>\nDer Preis ohne graviertem Muster ist 200 Euro niedriger.<\/p>\n","protected":false},"featured_media":996,"template":"","meta":[],"product_brand":[],"product_cat":[99],"product_tag":[],"class_list":{"0":"post-1982","1":"product","2":"type-product","3":"status-publish","4":"has-post-thumbnail","6":"product_cat-kommoden","8":"first","9":"instock","10":"shipping-taxable","11":"product-type-simple"},"_links":{"self":[{"href":"https:\/\/rudolfdesign.lv\/de\/wp-json\/wp\/v2\/product\/1982","targetHints":{"allow":["GET"]}}],"collection":[{"href":"https:\/\/rudolfdesign.lv\/de\/wp-json\/wp\/v2\/product"}],"about":[{"href":"https:\/\/rudolfdesign.lv\/de\/wp-json\/wp\/v2\/types\/product"}],"wp:featuredmedia":[{"embeddable":true,"href":"https:\/\/rudolfdesign.lv\/de\/wp-json\/wp\/v2\/media\/996"}],"wp:attachment":[{"href":"https:\/\/rudolfdesign.lv\/de\/wp-json\/wp\/v2\/media?parent=1982"}],"wp:term":[{"taxonomy":"product_brand","embeddable":true,"href":"https:\/\/rudolfdesign.lv\/de\/wp-json\/wp\/v2\/product_brand?post=1982"},{"taxonomy":"product_cat","embeddable":true,"href":"https:\/\/rudolfdesign.lv\/de\/wp-json\/wp\/v2\/product_cat?post=1982"},{"taxonomy":"product_tag","embeddable":true,"href":"https:\/\/rudolfdesign.lv\/de\/wp-json\/wp\/v2\/product_tag?post=1982"}],"curies":[{"name":"wp","href":"https:\/\/api.w.org\/{rel}","templated":true}]}}