{"id":1981,"date":"2020-10-08T20:05:39","date_gmt":"2020-10-08T17:05:39","guid":{"rendered":"https:\/\/rudolfdesign.lv\/product\/transportboxen\/"},"modified":"2022-10-15T22:51:34","modified_gmt":"2022-10-15T19:51:34","slug":"transportboxen","status":"publish","type":"product","link":"https:\/\/rudolfdesign.lv\/de\/produkti\/transportboxen\/","title":{"rendered":"Transportboxen"},"content":{"rendered":"","protected":false},"excerpt":{"rendered":"<p>Falls Sie regelm\u00e4\u00dfig verschiedene Sachentransportieren und diese in Pappkartons aufbewahren, die mit der Zeit kaputt werden, ist dies die L\u00f6sung f\u00fcr Sie.<br \/>\nWir produzieren die Transportboxen f\u00fcr den sicheren, mehrfachen Transport verschiedener Produkte. Boxen werden auf Bestellung angefertigt, um bestimmte Artikel zu transportieren.Sie k\u00f6nnen verwendet werden, um Bankettserviceger\u00e4te, Geschirr oder andere zerbrechliche Artikel zu transportieren.<br \/>\nEs ist m\u00f6glich, auch einen Box bestellen, in dem Ihre eigene Ger\u00e4te wie z.B. Audioger\u00e4te eingebaut werden k\u00f6nnen.Ebenso k\u00f6nnen Sie ein Box f\u00fcr Brennholz bestellen, falls Sie Ihren Haus mit Brennholz hitzen. Die Boxen k\u00f6nnen sowohl gew\u00f6hnlich, unbehandelt als auch \u00e4u\u00dferlich mit dem gew\u00fcnschten Material (Lack, Beige, Lein\u00f6l usw.) behandelt bestellt werden. In einem Wort, wenn Sie brauchen etwas sicher zu transportieren oder aufbewahren, stellen wir eine Transportbox f\u00fcr Sie her.<br \/>\nTransportkiste aus 9 mm starkem Schichtholz, ohne zus\u00e4tzlichen Zellstoff oder F\u00e4cher. Abmessungen 60x120x60 cm, Tragf\u00e4higkeit 270kg (abh\u00e4ngig von den gew\u00e4hlten Rollen kann sich die Tragf\u00e4higkeit des Boxes erh\u00f6hen). Solche Transportboxen werden auf Bestellung angefertigt und nicht im Lager gelagert. Ausf\u00fchrungszeit 2-5 Tage.<\/p>\n","protected":false},"featured_media":496,"template":"","meta":[],"product_brand":[],"product_cat":[103],"product_tag":[],"class_list":{"0":"post-1981","1":"product","2":"type-product","3":"status-publish","4":"has-post-thumbnail","6":"product_cat-transportboxen","8":"first","9":"instock","10":"shipping-taxable","11":"product-type-simple"},"_links":{"self":[{"href":"https:\/\/rudolfdesign.lv\/de\/wp-json\/wp\/v2\/product\/1981","targetHints":{"allow":["GET"]}}],"collection":[{"href":"https:\/\/rudolfdesign.lv\/de\/wp-json\/wp\/v2\/product"}],"about":[{"href":"https:\/\/rudolfdesign.lv\/de\/wp-json\/wp\/v2\/types\/product"}],"wp:featuredmedia":[{"embeddable":true,"href":"https:\/\/rudolfdesign.lv\/de\/wp-json\/wp\/v2\/media\/496"}],"wp:attachment":[{"href":"https:\/\/rudolfdesign.lv\/de\/wp-json\/wp\/v2\/media?parent=1981"}],"wp:term":[{"taxonomy":"product_brand","embeddable":true,"href":"https:\/\/rudolfdesign.lv\/de\/wp-json\/wp\/v2\/product_brand?post=1981"},{"taxonomy":"product_cat","embeddable":true,"href":"https:\/\/rudolfdesign.lv\/de\/wp-json\/wp\/v2\/product_cat?post=1981"},{"taxonomy":"product_tag","embeddable":true,"href":"https:\/\/rudolfdesign.lv\/de\/wp-json\/wp\/v2\/product_tag?post=1981"}],"curies":[{"name":"wp","href":"https:\/\/api.w.org\/{rel}","templated":true}]}}