{"id":1980,"date":"2020-10-27T16:11:01","date_gmt":"2020-10-27T14:11:01","guid":{"rendered":"https:\/\/rudolfdesign.lv\/product\/nachttisch-mit-tur\/"},"modified":"2022-10-15T22:51:27","modified_gmt":"2022-10-15T19:51:27","slug":"nachttisch-mit-tur","status":"publish","type":"product","link":"https:\/\/rudolfdesign.lv\/de\/produkti\/nachttisch-mit-tur\/","title":{"rendered":"Nachttisch mit T\u00fcr"},"content":{"rendered":"","protected":false},"excerpt":{"rendered":"<p>Nachttisch, die T\u00fcr wird durch Dr\u00fccken ge\u00f6ffnet und durch Dr\u00fccken geschlossen. Wenn die T\u00fcr geschlossen ist, haftet sie am Magneten, was bedeutet, dass die T\u00fcr nicht halb ge\u00f6ffnet sind.Hergestellt aus Sperrholz und mit Eichenfurnier (1,5 mm dick) beschichtet, mit \u00d6l und Wachs beschichtet. Ma\u00dfe 84,5 x 60 x 40 cm (Breite, Tiefe, H\u00f6he).Es ist m\u00f6glich, die Gr\u00f6\u00dfe und Farbe nach Bedarf zu \u00e4ndern.Klappbarer Nachttisch<br \/>\nNachttisch, die T\u00fcr wird durch Dr\u00fccken ge\u00f6ffnet und durch Dr\u00fccken geschlossen. Wenn die T\u00fcr geschlossen ist, haftet sie am Magneten, was bedeutet, dass die T\u00fcr nicht halb ge\u00f6ffnet oder wirklich geschlossen ist. Hergestellt aus Sperrholz und mit Eichenfurnier (1,5 mm dick) beschichtet, mit \u00d6l und Wachs beschichtet. Ma\u00dfe 84,5 x 60 x 40 cm (Breite, Tiefe, H\u00f6he). Es ist m\u00f6glich, die Gr\u00f6\u00dfe nach Bedarf zu \u00e4ndern mit farbe ist m\u00f6glich.<br \/>\nHergestellt aus Sperrholz, um die Probleme wie Aufbrechen der Schraubenstellen oder Klappverschl\u00fcsse zu vermeiden. Dies aber kann bei M\u00f6bel aus Spanplatten, die mit viel d\u00fcnnerem Furnier \u00fcberzogen sind, passieren.<br \/>\nRudolf Design gibt lebenslange Garantie f\u00fcr diese M\u00f6bel. Ausf\u00fchrungszeit von 1 bis 2 Monaten ab Erhalt der Vorauszahlung.<\/p>\n","protected":false},"featured_media":1425,"template":"","meta":[],"product_brand":[],"product_cat":[100],"product_tag":[],"class_list":{"0":"post-1980","1":"product","2":"type-product","3":"status-publish","4":"has-post-thumbnail","6":"product_cat-nachttische","8":"first","9":"instock","10":"shipping-taxable","11":"product-type-simple"},"_links":{"self":[{"href":"https:\/\/rudolfdesign.lv\/de\/wp-json\/wp\/v2\/product\/1980","targetHints":{"allow":["GET"]}}],"collection":[{"href":"https:\/\/rudolfdesign.lv\/de\/wp-json\/wp\/v2\/product"}],"about":[{"href":"https:\/\/rudolfdesign.lv\/de\/wp-json\/wp\/v2\/types\/product"}],"wp:featuredmedia":[{"embeddable":true,"href":"https:\/\/rudolfdesign.lv\/de\/wp-json\/wp\/v2\/media\/1425"}],"wp:attachment":[{"href":"https:\/\/rudolfdesign.lv\/de\/wp-json\/wp\/v2\/media?parent=1980"}],"wp:term":[{"taxonomy":"product_brand","embeddable":true,"href":"https:\/\/rudolfdesign.lv\/de\/wp-json\/wp\/v2\/product_brand?post=1980"},{"taxonomy":"product_cat","embeddable":true,"href":"https:\/\/rudolfdesign.lv\/de\/wp-json\/wp\/v2\/product_cat?post=1980"},{"taxonomy":"product_tag","embeddable":true,"href":"https:\/\/rudolfdesign.lv\/de\/wp-json\/wp\/v2\/product_tag?post=1980"}],"curies":[{"name":"wp","href":"https:\/\/api.w.org\/{rel}","templated":true}]}}