{"id":1976,"date":"2020-10-19T19:59:06","date_gmt":"2020-10-19T16:59:06","guid":{"rendered":"https:\/\/rudolfdesign.lv\/product\/schiebeturen\/"},"modified":"2022-10-15T22:51:31","modified_gmt":"2022-10-15T19:51:31","slug":"schiebeturen","status":"publish","type":"product","link":"https:\/\/rudolfdesign.lv\/de\/produkti\/schiebeturen\/","title":{"rendered":"Schiebet\u00fcren"},"content":{"rendered":"","protected":false},"excerpt":{"rendered":"<p>Schiebet\u00fcren sind in der Regel unterschiedlich, werden jedoch meistens an Orten, an denen normale T\u00fcrfl\u00fcgel nicht zu viel Platz haben, eingesetzt.<br \/>\nDiese Bilder dienen nur als Referenz, um zu zeigen, was bestellt werden kann. Der Preis h\u00e4ngt von der Gr\u00f6\u00dfe ab, aber liegt bei ca. 500\u20ac.<br \/>\nEs gibt viele M\u00f6glichkeitendieser T\u00fcr ohne Spiegel, in andere Farbe oder Muster zu bestellen.Aber der Preis liegt bei rund 500 \u20ac, da sie mit lebenslanger Garantie und Hand gefertigt ist.<\/p>\n","protected":false},"featured_media":414,"template":"","meta":[],"product_brand":[],"product_cat":[94],"product_tag":[],"class_list":{"0":"post-1976","1":"product","2":"type-product","3":"status-publish","4":"has-post-thumbnail","6":"product_cat-schiebeturen","8":"first","9":"instock","10":"shipping-taxable","11":"product-type-simple"},"_links":{"self":[{"href":"https:\/\/rudolfdesign.lv\/de\/wp-json\/wp\/v2\/product\/1976","targetHints":{"allow":["GET"]}}],"collection":[{"href":"https:\/\/rudolfdesign.lv\/de\/wp-json\/wp\/v2\/product"}],"about":[{"href":"https:\/\/rudolfdesign.lv\/de\/wp-json\/wp\/v2\/types\/product"}],"wp:featuredmedia":[{"embeddable":true,"href":"https:\/\/rudolfdesign.lv\/de\/wp-json\/wp\/v2\/media\/414"}],"wp:attachment":[{"href":"https:\/\/rudolfdesign.lv\/de\/wp-json\/wp\/v2\/media?parent=1976"}],"wp:term":[{"taxonomy":"product_brand","embeddable":true,"href":"https:\/\/rudolfdesign.lv\/de\/wp-json\/wp\/v2\/product_brand?post=1976"},{"taxonomy":"product_cat","embeddable":true,"href":"https:\/\/rudolfdesign.lv\/de\/wp-json\/wp\/v2\/product_cat?post=1976"},{"taxonomy":"product_tag","embeddable":true,"href":"https:\/\/rudolfdesign.lv\/de\/wp-json\/wp\/v2\/product_tag?post=1976"}],"curies":[{"name":"wp","href":"https:\/\/api.w.org\/{rel}","templated":true}]}}