{"id":1974,"date":"2020-10-27T15:50:24","date_gmt":"2020-10-27T13:50:24","guid":{"rendered":"https:\/\/rudolfdesign.lv\/product\/spiegel\/"},"modified":"2022-10-15T22:51:33","modified_gmt":"2022-10-15T19:51:33","slug":"spiegel","status":"publish","type":"product","link":"https:\/\/rudolfdesign.lv\/de\/produkti\/spiegel\/","title":{"rendered":"Spiegel"},"content":{"rendered":"","protected":false},"excerpt":{"rendered":"<p>Spiegelrahmen aus Eschenholz, mit Wei\u00df\u00f6l behandelt.Gr\u00f6\u00dfe: 120 x 60 cm. Der Preis beinhaltet einen Spiegel mit Rahmen und richtet sich nach der gew\u00fcnschten Gr\u00f6\u00dfe. Die Farbe, Behandlung, Farbton und Eckverbindungsmethoden je nach Kundenwunsch. Auf der R\u00fcckseite des Spiegels befinden sich spezielle Halterungen f\u00fcr die Wandmontage.<\/p>\n","protected":false},"featured_media":1367,"template":"","meta":[],"product_brand":[],"product_cat":[98],"product_tag":[],"class_list":{"0":"post-1974","1":"product","2":"type-product","3":"status-publish","4":"has-post-thumbnail","6":"product_cat-interior-design","8":"first","9":"instock","10":"shipping-taxable","11":"product-type-simple"},"_links":{"self":[{"href":"https:\/\/rudolfdesign.lv\/de\/wp-json\/wp\/v2\/product\/1974","targetHints":{"allow":["GET"]}}],"collection":[{"href":"https:\/\/rudolfdesign.lv\/de\/wp-json\/wp\/v2\/product"}],"about":[{"href":"https:\/\/rudolfdesign.lv\/de\/wp-json\/wp\/v2\/types\/product"}],"wp:featuredmedia":[{"embeddable":true,"href":"https:\/\/rudolfdesign.lv\/de\/wp-json\/wp\/v2\/media\/1367"}],"wp:attachment":[{"href":"https:\/\/rudolfdesign.lv\/de\/wp-json\/wp\/v2\/media?parent=1974"}],"wp:term":[{"taxonomy":"product_brand","embeddable":true,"href":"https:\/\/rudolfdesign.lv\/de\/wp-json\/wp\/v2\/product_brand?post=1974"},{"taxonomy":"product_cat","embeddable":true,"href":"https:\/\/rudolfdesign.lv\/de\/wp-json\/wp\/v2\/product_cat?post=1974"},{"taxonomy":"product_tag","embeddable":true,"href":"https:\/\/rudolfdesign.lv\/de\/wp-json\/wp\/v2\/product_tag?post=1974"}],"curies":[{"name":"wp","href":"https:\/\/api.w.org\/{rel}","templated":true}]}}