{"id":1962,"date":"2020-10-26T21:17:28","date_gmt":"2020-10-26T19:17:28","guid":{"rendered":"https:\/\/rudolfdesign.lv\/product\/eiche-massivholzbett-santa\/"},"modified":"2022-10-15T22:51:20","modified_gmt":"2022-10-15T19:51:20","slug":"eiche-massivholzbett-santa","status":"publish","type":"product","link":"https:\/\/rudolfdesign.lv\/de\/produkti\/eiche-massivholzbett-santa\/","title":{"rendered":"Eiche Massivholzbett \u201eSanta\u201d"},"content":{"rendered":"","protected":false},"excerpt":{"rendered":"<p>Massivholzbett aus Eiche, mit Mineral\u00f6l und Wachs behandelt. Das Bett ist f\u00fcr eine Matratze 200 x 200 cm mit einem Absenkung von 7 cm geeignet (bei Bestellung einer kleineren Matratze z.B. 160 cm oder 180 cm der Preis \u00e4ndert sich).<br \/>\nR\u00fcckenlehnenh\u00f6he 133 cm und Fu\u00dfst\u00fctze 43 cm, das Bett hat 4 Schubladen mit Auszug von 45 cm und eine Tragf\u00e4higkeit von 35 kg (kann mit verschiedenen Schubladen\u00f6ffnungsmechanismen bestellt werden: Dr\u00fccken und Ziehen usw.), Schubladentiefe 25 cm.<br \/>\nDie Details des Bettes sind so gestaltet, dass sich das Holzmuster von einem Detail zu anderem \u00fcberlappt sich, wie in den Bilder gezeigt.<br \/>\nDer Preis beinhaltet keine Versandkosten. Lebenslange Garantie. Dieses Bett wird bei Ihren Enkelkinder bleiben.<\/p>\n","protected":false},"featured_media":419,"template":"","meta":[],"product_brand":[],"product_cat":[96],"product_tag":[],"class_list":{"0":"post-1962","1":"product","2":"type-product","3":"status-publish","4":"has-post-thumbnail","6":"product_cat-betten","8":"first","9":"instock","10":"shipping-taxable","11":"product-type-simple"},"_links":{"self":[{"href":"https:\/\/rudolfdesign.lv\/de\/wp-json\/wp\/v2\/product\/1962","targetHints":{"allow":["GET"]}}],"collection":[{"href":"https:\/\/rudolfdesign.lv\/de\/wp-json\/wp\/v2\/product"}],"about":[{"href":"https:\/\/rudolfdesign.lv\/de\/wp-json\/wp\/v2\/types\/product"}],"wp:featuredmedia":[{"embeddable":true,"href":"https:\/\/rudolfdesign.lv\/de\/wp-json\/wp\/v2\/media\/419"}],"wp:attachment":[{"href":"https:\/\/rudolfdesign.lv\/de\/wp-json\/wp\/v2\/media?parent=1962"}],"wp:term":[{"taxonomy":"product_brand","embeddable":true,"href":"https:\/\/rudolfdesign.lv\/de\/wp-json\/wp\/v2\/product_brand?post=1962"},{"taxonomy":"product_cat","embeddable":true,"href":"https:\/\/rudolfdesign.lv\/de\/wp-json\/wp\/v2\/product_cat?post=1962"},{"taxonomy":"product_tag","embeddable":true,"href":"https:\/\/rudolfdesign.lv\/de\/wp-json\/wp\/v2\/product_tag?post=1962"}],"curies":[{"name":"wp","href":"https:\/\/api.w.org\/{rel}","templated":true}]}}