{"id":1961,"date":"2020-10-19T20:46:27","date_gmt":"2020-10-19T17:46:27","guid":{"rendered":"https:\/\/rudolfdesign.lv\/product\/eiche-couchtisch-kaffeetisch\/"},"modified":"2022-10-15T22:51:20","modified_gmt":"2022-10-15T19:51:20","slug":"eiche-couchtisch-kaffeetisch","status":"publish","type":"product","link":"https:\/\/rudolfdesign.lv\/de\/produkti\/eiche-couchtisch-kaffeetisch\/","title":{"rendered":"Eiche Couchtisch \/ Kaffeetisch"},"content":{"rendered":"","protected":false},"excerpt":{"rendered":"<p>Kaffeetisch aus Eiche, \u00f6lbehandelt. H\u00f6he 50 cm, Breite 85 cm, L\u00e4nge 140 cm. Tischplatten-Schichtdicke 45mm. Bei der Herstellung dieses Tisches wurde besonderes Aufmerksamkeit auf dieses Design und auch auf wie Epoxid sich das Holz schont gelegt.<br \/>\nJeder Tisch ist ma\u00dfgefertigt. Die Tischoberfl\u00e4che kann mit oder ohne Epoxidharz gefertigt werden, sie kann hell oder dunkel sein, alles nach Ihre W\u00fcnsche. Die Gr\u00f6\u00dfe kann an kleinere R\u00e4ume angepasst werden. Es ist m\u00f6glich, einen originellen Akzent f\u00fcr Handyhalter, Ladeger\u00e4t, Vasen, Gl\u00e4ser, Flaschen usw. hinzuzuf\u00fcgen.Das Erstellen solcher M\u00f6bel dauert mindestens 2 Monate, aber es lohnt sich.<\/p>\n","protected":false},"featured_media":876,"template":"","meta":[],"product_brand":[],"product_cat":[95],"product_tag":[],"class_list":{"0":"post-1961","1":"product","2":"type-product","3":"status-publish","4":"has-post-thumbnail","6":"product_cat-tische","8":"first","9":"instock","10":"shipping-taxable","11":"product-type-simple"},"_links":{"self":[{"href":"https:\/\/rudolfdesign.lv\/de\/wp-json\/wp\/v2\/product\/1961","targetHints":{"allow":["GET"]}}],"collection":[{"href":"https:\/\/rudolfdesign.lv\/de\/wp-json\/wp\/v2\/product"}],"about":[{"href":"https:\/\/rudolfdesign.lv\/de\/wp-json\/wp\/v2\/types\/product"}],"wp:featuredmedia":[{"embeddable":true,"href":"https:\/\/rudolfdesign.lv\/de\/wp-json\/wp\/v2\/media\/876"}],"wp:attachment":[{"href":"https:\/\/rudolfdesign.lv\/de\/wp-json\/wp\/v2\/media?parent=1961"}],"wp:term":[{"taxonomy":"product_brand","embeddable":true,"href":"https:\/\/rudolfdesign.lv\/de\/wp-json\/wp\/v2\/product_brand?post=1961"},{"taxonomy":"product_cat","embeddable":true,"href":"https:\/\/rudolfdesign.lv\/de\/wp-json\/wp\/v2\/product_cat?post=1961"},{"taxonomy":"product_tag","embeddable":true,"href":"https:\/\/rudolfdesign.lv\/de\/wp-json\/wp\/v2\/product_tag?post=1961"}],"curies":[{"name":"wp","href":"https:\/\/api.w.org\/{rel}","templated":true}]}}