{"id":1960,"date":"2020-10-19T20:38:00","date_gmt":"2020-10-19T17:38:00","guid":{"rendered":"https:\/\/rudolfdesign.lv\/product\/klappbarer-esstisch\/"},"modified":"2022-10-15T22:51:22","modified_gmt":"2022-10-15T19:51:22","slug":"klappbarer-esstisch","status":"publish","type":"product","link":"https:\/\/rudolfdesign.lv\/de\/produkti\/klappbarer-esstisch\/","title":{"rendered":"Klappbarer Esstisch"},"content":{"rendered":"","protected":false},"excerpt":{"rendered":"<p>Esstisch aus Eiche. H\u00f6he 75 cm, L\u00e4nge 140 cm, Breite im geschlossenen Stand 42 cm, im ge\u00f6ffnetem Stand &#8211; 84 cm.<br \/>\nDie Oberfl\u00e4che wurde aus besch\u00e4digtem Holz gebaut, wodurch Fehler im Effekte umgewandelt wurde. Behandelt mit \u00d6l und Wachs, was einen nat\u00fcrlich matten Glanz verleiht und die Struktur des Holzes hervorhebt, angenehm zum Angreifen.<br \/>\nProduktionszeit 2-3 Monate.<br \/>\nDieser Tisch ist bereits bei unserem Kunden, aber die Bilder dienen als Referenz. Es ist m\u00f6glich diesen Tisch, nach Ihrer gew\u00fcnschten Gr\u00f6\u00dfe und Farbe zu bestellen.Ein Tisch mit geraden Beinen kostet 100 \u20ac weniger.<\/p>\n","protected":false},"featured_media":814,"template":"","meta":[],"product_brand":[],"product_cat":[95],"product_tag":[],"class_list":{"0":"post-1960","1":"product","2":"type-product","3":"status-publish","4":"has-post-thumbnail","6":"product_cat-tische","8":"first","9":"instock","10":"shipping-taxable","11":"product-type-simple"},"_links":{"self":[{"href":"https:\/\/rudolfdesign.lv\/de\/wp-json\/wp\/v2\/product\/1960","targetHints":{"allow":["GET"]}}],"collection":[{"href":"https:\/\/rudolfdesign.lv\/de\/wp-json\/wp\/v2\/product"}],"about":[{"href":"https:\/\/rudolfdesign.lv\/de\/wp-json\/wp\/v2\/types\/product"}],"wp:featuredmedia":[{"embeddable":true,"href":"https:\/\/rudolfdesign.lv\/de\/wp-json\/wp\/v2\/media\/814"}],"wp:attachment":[{"href":"https:\/\/rudolfdesign.lv\/de\/wp-json\/wp\/v2\/media?parent=1960"}],"wp:term":[{"taxonomy":"product_brand","embeddable":true,"href":"https:\/\/rudolfdesign.lv\/de\/wp-json\/wp\/v2\/product_brand?post=1960"},{"taxonomy":"product_cat","embeddable":true,"href":"https:\/\/rudolfdesign.lv\/de\/wp-json\/wp\/v2\/product_cat?post=1960"},{"taxonomy":"product_tag","embeddable":true,"href":"https:\/\/rudolfdesign.lv\/de\/wp-json\/wp\/v2\/product_tag?post=1960"}],"curies":[{"name":"wp","href":"https:\/\/api.w.org\/{rel}","templated":true}]}}