{"id":1959,"date":"2020-10-19T20:28:05","date_gmt":"2020-10-19T17:28:05","guid":{"rendered":"https:\/\/rudolfdesign.lv\/product\/esstisch-fur-8-personen\/"},"modified":"2024-01-01T00:16:12","modified_gmt":"2023-12-31T22:16:12","slug":"esstisch-fur-8-personen","status":"publish","type":"product","link":"https:\/\/rudolfdesign.lv\/de\/produkti\/esstisch-fur-8-personen\/","title":{"rendered":"Esstisch f\u00fcr 8 Personen"},"content":{"rendered":"","protected":false},"excerpt":{"rendered":"<p>Esstisch aus Esche, Ma\u00dfe 210 x 80 x 80 (L\u00e4nge, Breite, H\u00f6he). Dieser Tisch wurde f\u00fcr eine bestimmte Anzahl von Personen bestellt. Schichtdicke 45mm, mit \u00d6l und Wachs behandelt.<br \/>\nSolche Tische k\u00f6nnen in verschiedenen Gr\u00f6\u00dfen erstellt werden, wobei jeder Tisch so bemessen ist, dass er f\u00fcr eine bestimmte Anzahl von Personen bequem zu sitzen ist.<br \/>\nDieser Tisch ist bereits bei unserem Kunden, aber die Bilder dienen als Referenz.<br \/>\nDie Kunden k\u00f6nnen die Gr\u00f6\u00dfe, Farbe und das Material der Tische selbst ausw\u00e4hlen. Bei anderen Materialen und Gr\u00f6\u00dfen \u00e4ndert sich der Preis.<br \/>\nDieses M\u00f6belst\u00fcck hat eine lebenslange Garantie, dass es sich nicht verbiegt, rei\u00dft, verdreht oder auf andere Weise verformt. Der Preis beinhaltet Lieferung und Montage innerhalb von Riga.<\/p>\n","protected":false},"featured_media":795,"template":"","meta":[],"product_brand":[],"product_cat":[95],"product_tag":[],"class_list":{"0":"post-1959","1":"product","2":"type-product","3":"status-publish","4":"has-post-thumbnail","6":"product_cat-tische","8":"first","9":"instock","10":"shipping-taxable","11":"product-type-simple"},"_links":{"self":[{"href":"https:\/\/rudolfdesign.lv\/de\/wp-json\/wp\/v2\/product\/1959","targetHints":{"allow":["GET"]}}],"collection":[{"href":"https:\/\/rudolfdesign.lv\/de\/wp-json\/wp\/v2\/product"}],"about":[{"href":"https:\/\/rudolfdesign.lv\/de\/wp-json\/wp\/v2\/types\/product"}],"wp:featuredmedia":[{"embeddable":true,"href":"https:\/\/rudolfdesign.lv\/de\/wp-json\/wp\/v2\/media\/795"}],"wp:attachment":[{"href":"https:\/\/rudolfdesign.lv\/de\/wp-json\/wp\/v2\/media?parent=1959"}],"wp:term":[{"taxonomy":"product_brand","embeddable":true,"href":"https:\/\/rudolfdesign.lv\/de\/wp-json\/wp\/v2\/product_brand?post=1959"},{"taxonomy":"product_cat","embeddable":true,"href":"https:\/\/rudolfdesign.lv\/de\/wp-json\/wp\/v2\/product_cat?post=1959"},{"taxonomy":"product_tag","embeddable":true,"href":"https:\/\/rudolfdesign.lv\/de\/wp-json\/wp\/v2\/product_tag?post=1959"}],"curies":[{"name":"wp","href":"https:\/\/api.w.org\/{rel}","templated":true}]}}