{"id":1957,"date":"2020-10-26T21:59:50","date_gmt":"2020-10-26T19:59:50","guid":{"rendered":"https:\/\/rudolfdesign.lv\/product\/kucheninsel\/"},"modified":"2022-10-15T22:51:25","modified_gmt":"2022-10-15T19:51:25","slug":"kucheninsel","status":"publish","type":"product","link":"https:\/\/rudolfdesign.lv\/de\/produkti\/kucheninsel\/","title":{"rendered":"K\u00fccheninsel"},"content":{"rendered":"","protected":false},"excerpt":{"rendered":"<p>K\u00fccheninsel, nach spezifische Gr\u00f6\u00dfe der Person gebaut, damit sie bei ihrer t\u00e4glichen Arbeit wegen der falschen K\u00f6rperhaltung nicht m\u00fcde wird. Ma\u00dfe 100 x 60 x 89 (H), Arbeitsplatte 30 cm breit. M\u00f6glich in verschiedene Gr\u00f6\u00dfen und Farben zu bestellen.<br \/>\nHeben Sie die Arbeitsplatte an und befestigen Sie sie, wenn n\u00f6tig, und senken Sie sie, um die Bewegung in der kleinen K\u00fcche zu erleichtern.<br \/>\nMaterial: Esche; mit \u00d6l und Wachs behandelt. Der Preis beinhaltet die Lieferung innerhalb von Riga.<\/p>\n","protected":false},"featured_media":1252,"template":"","meta":[],"product_brand":[],"product_cat":[95,105],"product_tag":[],"class_list":{"0":"post-1957","1":"product","2":"type-product","3":"status-publish","4":"has-post-thumbnail","6":"product_cat-tische","7":"product_cat-kueche","9":"first","10":"instock","11":"shipping-taxable","12":"product-type-simple"},"_links":{"self":[{"href":"https:\/\/rudolfdesign.lv\/de\/wp-json\/wp\/v2\/product\/1957","targetHints":{"allow":["GET"]}}],"collection":[{"href":"https:\/\/rudolfdesign.lv\/de\/wp-json\/wp\/v2\/product"}],"about":[{"href":"https:\/\/rudolfdesign.lv\/de\/wp-json\/wp\/v2\/types\/product"}],"wp:featuredmedia":[{"embeddable":true,"href":"https:\/\/rudolfdesign.lv\/de\/wp-json\/wp\/v2\/media\/1252"}],"wp:attachment":[{"href":"https:\/\/rudolfdesign.lv\/de\/wp-json\/wp\/v2\/media?parent=1957"}],"wp:term":[{"taxonomy":"product_brand","embeddable":true,"href":"https:\/\/rudolfdesign.lv\/de\/wp-json\/wp\/v2\/product_brand?post=1957"},{"taxonomy":"product_cat","embeddable":true,"href":"https:\/\/rudolfdesign.lv\/de\/wp-json\/wp\/v2\/product_cat?post=1957"},{"taxonomy":"product_tag","embeddable":true,"href":"https:\/\/rudolfdesign.lv\/de\/wp-json\/wp\/v2\/product_tag?post=1957"}],"curies":[{"name":"wp","href":"https:\/\/api.w.org\/{rel}","templated":true}]}}