{"id":1956,"date":"2020-10-19T20:18:18","date_gmt":"2020-10-19T17:18:18","guid":{"rendered":"https:\/\/rudolfdesign.lv\/product\/computertisch-mit-schliesfachern\/"},"modified":"2022-10-15T22:51:20","modified_gmt":"2022-10-15T19:51:20","slug":"computertisch-mit-schliesfachern","status":"publish","type":"product","link":"https:\/\/rudolfdesign.lv\/de\/produkti\/computertisch-mit-schliesfachern\/","title":{"rendered":"Computertisch mit Schlie\u00dff\u00e4chern"},"content":{"rendered":"","protected":false},"excerpt":{"rendered":"<p>Computertisch aus Eiche Massivholz. Ma\u00dfe 180 x 90 x 80 cm (H). Mit \u00d6l und Wachs behandelt. Eine Kante der Tischplatte wurde nach Kundenwunsch nicht bearbeitet. Sie k\u00f6nnen diesen Tisch in verschiedene Gr\u00f6\u00dfen bestellen.<br \/>\nIn der Tischoberfl\u00e4che befindet sich ein Loch f\u00fcr Kabel, Monitor, Scanner usw. F\u00fcr Produkte, die auf dem Tisch liegen k\u00f6nnten, ist unter dem Tisch ein spezieller Kabelkanal angelegt, damit sie nicht herunterh\u00e4ngen, sondern gut angeordnet sind. Dieser Tisch wurde bereits verkauft, aber die Bilder dienen als Referenz. Dieser Tisch ohne Schlie\u00dff\u00e4chern kostet 500 \u20ac.<\/p>\n<p>Die Schr\u00e4nke bestehen aus 1,5 mm dickem Birkefurnier. Drinnen befindet sich Birkensperrholz, kein OSB oder anderes zerbrechliches kartonartiges Material.<br \/>\nSchlie\u00dff\u00e4cherngr\u00f6\u00dfe 64 x 42 x 50 cm (H). Mit \u00d6l und Wachs behandelt. Einbausteckdosen, Schubladenmechanismus (TIP ON) oder Dr\u00fccken und \u00d6ffnen. Jeder Schlie\u00dffach kostet 200 \u20ac. Diese Schlie\u00dff\u00e4cher sind schon verkauft, aber die Bilder dienen als Referenz. Alle Ihre Ideen sind umsetzbar, wenn Sie sie beschreiben oder visualisieren k\u00f6nnen.<br \/>\nDie M\u00f6bel haben eine lebenslange Garantie.<\/p>\n","protected":false},"featured_media":765,"template":"","meta":[],"product_brand":[],"product_cat":[95],"product_tag":[],"class_list":{"0":"post-1956","1":"product","2":"type-product","3":"status-publish","4":"has-post-thumbnail","6":"product_cat-tische","8":"first","9":"instock","10":"shipping-taxable","11":"product-type-simple"},"_links":{"self":[{"href":"https:\/\/rudolfdesign.lv\/de\/wp-json\/wp\/v2\/product\/1956","targetHints":{"allow":["GET"]}}],"collection":[{"href":"https:\/\/rudolfdesign.lv\/de\/wp-json\/wp\/v2\/product"}],"about":[{"href":"https:\/\/rudolfdesign.lv\/de\/wp-json\/wp\/v2\/types\/product"}],"wp:featuredmedia":[{"embeddable":true,"href":"https:\/\/rudolfdesign.lv\/de\/wp-json\/wp\/v2\/media\/765"}],"wp:attachment":[{"href":"https:\/\/rudolfdesign.lv\/de\/wp-json\/wp\/v2\/media?parent=1956"}],"wp:term":[{"taxonomy":"product_brand","embeddable":true,"href":"https:\/\/rudolfdesign.lv\/de\/wp-json\/wp\/v2\/product_brand?post=1956"},{"taxonomy":"product_cat","embeddable":true,"href":"https:\/\/rudolfdesign.lv\/de\/wp-json\/wp\/v2\/product_cat?post=1956"},{"taxonomy":"product_tag","embeddable":true,"href":"https:\/\/rudolfdesign.lv\/de\/wp-json\/wp\/v2\/product_tag?post=1956"}],"curies":[{"name":"wp","href":"https:\/\/api.w.org\/{rel}","templated":true}]}}