{"id":1955,"date":"2020-10-26T20:04:11","date_gmt":"2020-10-26T20:04:11","guid":{"rendered":"https:\/\/rudolfdesign.lv\/product\/massivholz-kleiderschrank-aus-esche\/"},"modified":"2022-10-15T22:51:26","modified_gmt":"2022-10-15T19:51:26","slug":"massivholz-kleiderschrank-aus-esche","status":"publish","type":"product","link":"https:\/\/rudolfdesign.lv\/de\/produkti\/massivholz-kleiderschrank-aus-esche\/","title":{"rendered":"Massivholz Kleiderschrank aus Esche"},"content":{"rendered":"","protected":false},"excerpt":{"rendered":"<p>Massivholz Kleiderschrank. Ma\u00dfe: 190 cm (H\u00f6he) x 100 cm (Breite) x 50 cm (Tiefe).<br \/>\nDie Schubladenbreite &#8211; 85 cm, Tiefe &#8211; 30 cm, ausziehbar &#8211; 45 cm, TIPP ON \u00d6ffnung bzw. \u00d6ffnung durch Dr\u00fccken.<br \/>\nDie Oberfl\u00e4che des Schranks wurde mit \u00d6l und Wachs behandelt. Bei der Gestaltung dieses Kleiderschranks wurde der Wert auf den edlen Look und wahren wei\u00dfgrauen Farbton von Esche gelegt. Dieser wurde mit Wachs beibehandelt, gesch\u00fctzt und poliert, um die Ber\u00fchrung angenehm zu machen und den matten Glanz der M\u00f6beln zu gew\u00e4hren.<br \/>\nDas Design dieses Kleiderschranks enthaltet eine unbedeutende, aber gleichzeitig sehr wichtige Eigenschaft: eine sehr einfache Mehrfachdemontage und -zusammenbau, ohne die Gelenke zu verformen und viel Zeit und M\u00fche zu verschwenden.<br \/>\nEin solcher Kleiderschrank kann in bestimmten Gr\u00f6\u00dfen bestellt werden, um die Nischen des Hauses auszuf\u00fcllen, in denen Standardschr\u00e4nke nicht passen. Die Farbtone k\u00f6nnen nach Vergn\u00fcgen des Herzens gew\u00e4hlt werden \u2013 hell oder dunkel.Lieferzeit bis zu 2 Monaten, wenn es keine Warteschlange gibt&#8230;<\/p>\n","protected":false},"featured_media":924,"template":"","meta":[],"product_brand":[],"product_cat":[102],"product_tag":[],"class_list":{"0":"post-1955","1":"product","2":"type-product","3":"status-publish","4":"has-post-thumbnail","6":"product_cat-schraenke","8":"first","9":"instock","10":"shipping-taxable","11":"product-type-simple"},"_links":{"self":[{"href":"https:\/\/rudolfdesign.lv\/de\/wp-json\/wp\/v2\/product\/1955","targetHints":{"allow":["GET"]}}],"collection":[{"href":"https:\/\/rudolfdesign.lv\/de\/wp-json\/wp\/v2\/product"}],"about":[{"href":"https:\/\/rudolfdesign.lv\/de\/wp-json\/wp\/v2\/types\/product"}],"wp:featuredmedia":[{"embeddable":true,"href":"https:\/\/rudolfdesign.lv\/de\/wp-json\/wp\/v2\/media\/924"}],"wp:attachment":[{"href":"https:\/\/rudolfdesign.lv\/de\/wp-json\/wp\/v2\/media?parent=1955"}],"wp:term":[{"taxonomy":"product_brand","embeddable":true,"href":"https:\/\/rudolfdesign.lv\/de\/wp-json\/wp\/v2\/product_brand?post=1955"},{"taxonomy":"product_cat","embeddable":true,"href":"https:\/\/rudolfdesign.lv\/de\/wp-json\/wp\/v2\/product_cat?post=1955"},{"taxonomy":"product_tag","embeddable":true,"href":"https:\/\/rudolfdesign.lv\/de\/wp-json\/wp\/v2\/product_tag?post=1955"}],"curies":[{"name":"wp","href":"https:\/\/api.w.org\/{rel}","templated":true}]}}