{"id":1954,"date":"2020-10-26T19:57:20","date_gmt":"2020-10-26T17:57:20","guid":{"rendered":"https:\/\/rudolfdesign.lv\/product\/massivholz-schrank-aus-eiche\/"},"modified":"2022-10-15T22:51:26","modified_gmt":"2022-10-15T19:51:26","slug":"massivholz-schrank-aus-eiche","status":"publish","type":"product","link":"https:\/\/rudolfdesign.lv\/de\/produkti\/massivholz-schrank-aus-eiche\/","title":{"rendered":"Massivholz Schrank aus Eiche"},"content":{"rendered":"","protected":false},"excerpt":{"rendered":"<p>Hergestellt aus massivem Eichenholz und anbaute Eichenm\u00f6belplatte.<br \/>\nMa\u00dfe: 190 cm (H\u00f6he) x 100 cm (Breite) x 50 cm (Tiefe).<br \/>\nMit \u00d6l und Wachs verarbeitet. Ma\u00dfgefertigt, um mit den vorhandenen M\u00f6beln in den Raum zu passen. Kundenspezifisch angepasst (z.B. mit sanft schlie\u00dfendem Scharnier f\u00fcr T\u00fcr und Schublade).<br \/>\nDieser Kleiderschrank ist bereits auf dem Weg zum Kunden und ist nicht mehr zu sich anschauen, aber er dient als Beispiel um Ihre Tr\u00e4ume sich zu erf\u00fcllen. Ich kann einen Schrank nach Ihre W\u00fcnsche und Fantasie bis ins kleinste Detail zu projektieren, und zwar mit modernen und \u201eold School\u201d M\u00f6belbeschl\u00e4ge, sichtbar oder verdeckt, ohne Griffe um mit nur einen Handbewegung eine Schublade oder T\u00fcr zu \u00f6ffnen.<br \/>\nDer Kleiderschrank und das Innenseite des Schranks kann in den gew\u00fcnschten Farbt\u00f6nen gestrichen werden (die Innenseite des Schranks ist im Grunde ein ungestrichtes, helles Sperrholz).<br \/>\nDie Ma\u00dfe des Kleiderschranks k\u00f6nnen nach Ihren W\u00fcnschen angepasst werden (es gibt keine spezifischen Standards). Der Schrank hat eine lebenslange Garantie.<\/p>\n","protected":false},"featured_media":913,"template":"","meta":[],"product_brand":[],"product_cat":[102],"product_tag":[],"class_list":{"0":"post-1954","1":"product","2":"type-product","3":"status-publish","4":"has-post-thumbnail","6":"product_cat-schraenke","8":"first","9":"instock","10":"shipping-taxable","11":"product-type-simple"},"_links":{"self":[{"href":"https:\/\/rudolfdesign.lv\/de\/wp-json\/wp\/v2\/product\/1954","targetHints":{"allow":["GET"]}}],"collection":[{"href":"https:\/\/rudolfdesign.lv\/de\/wp-json\/wp\/v2\/product"}],"about":[{"href":"https:\/\/rudolfdesign.lv\/de\/wp-json\/wp\/v2\/types\/product"}],"wp:featuredmedia":[{"embeddable":true,"href":"https:\/\/rudolfdesign.lv\/de\/wp-json\/wp\/v2\/media\/913"}],"wp:attachment":[{"href":"https:\/\/rudolfdesign.lv\/de\/wp-json\/wp\/v2\/media?parent=1954"}],"wp:term":[{"taxonomy":"product_brand","embeddable":true,"href":"https:\/\/rudolfdesign.lv\/de\/wp-json\/wp\/v2\/product_brand?post=1954"},{"taxonomy":"product_cat","embeddable":true,"href":"https:\/\/rudolfdesign.lv\/de\/wp-json\/wp\/v2\/product_cat?post=1954"},{"taxonomy":"product_tag","embeddable":true,"href":"https:\/\/rudolfdesign.lv\/de\/wp-json\/wp\/v2\/product_tag?post=1954"}],"curies":[{"name":"wp","href":"https:\/\/api.w.org\/{rel}","templated":true}]}}