{"id":1952,"date":"2020-11-12T19:40:59","date_gmt":"2020-11-12T17:40:59","guid":{"rendered":"https:\/\/rudolfdesign.lv\/product\/esche-kommode-mit-schubladen\/"},"modified":"2022-10-15T22:51:21","modified_gmt":"2022-10-15T19:51:21","slug":"esche-kommode-mit-schubladen","status":"publish","type":"product","link":"https:\/\/rudolfdesign.lv\/de\/produkti\/esche-kommode-mit-schubladen\/","title":{"rendered":"Esche Kommode mit Schubladen"},"content":{"rendered":"","protected":false},"excerpt":{"rendered":"<p>Material: Esche. Behandlung: \u00d6l und Wachs. Ma\u00dfe: 170 cm (L\u00e4nge) x 45 cm (Tiefe) x 80 cm (H\u00f6he). Lebenslange Garantie.<br \/>\nDiese kommode wurde so gebaut, dass sie mit den hinteren Wandausl\u00e4ssen zusammenpasst. Einbauwaschbecken mit vollem Siphon und Wasserhahn. Die Oberfl\u00e4che ist so gestaltet, dass die Feuchtigkeit im Bad die Massivholzoberfl\u00e4che nicht verformt.<br \/>\nJede Kommode wird individuell nach Kundenwunsch gebaut (Farbe, Materiale, Gr\u00f6\u00dfe). Und f\u00fcr Jede Kommode werden individuelle Kalkulationen gemacht \u2013 Positionierung von Waschbecken, Wasserhahn, Wandausl\u00e4ssen usw.<br \/>\nLieferung und Installation sind \u00fcberall gegen eine Geb\u00fchr m\u00f6glich.<\/p>\n","protected":false},"featured_media":1622,"template":"","meta":[],"product_brand":[],"product_cat":[99,104],"product_tag":[],"class_list":{"0":"post-1952","1":"product","2":"type-product","3":"status-publish","4":"has-post-thumbnail","6":"product_cat-kommoden","7":"product_cat-badezimmer","9":"first","10":"instock","11":"shipping-taxable","12":"product-type-simple"},"_links":{"self":[{"href":"https:\/\/rudolfdesign.lv\/de\/wp-json\/wp\/v2\/product\/1952","targetHints":{"allow":["GET"]}}],"collection":[{"href":"https:\/\/rudolfdesign.lv\/de\/wp-json\/wp\/v2\/product"}],"about":[{"href":"https:\/\/rudolfdesign.lv\/de\/wp-json\/wp\/v2\/types\/product"}],"wp:featuredmedia":[{"embeddable":true,"href":"https:\/\/rudolfdesign.lv\/de\/wp-json\/wp\/v2\/media\/1622"}],"wp:attachment":[{"href":"https:\/\/rudolfdesign.lv\/de\/wp-json\/wp\/v2\/media?parent=1952"}],"wp:term":[{"taxonomy":"product_brand","embeddable":true,"href":"https:\/\/rudolfdesign.lv\/de\/wp-json\/wp\/v2\/product_brand?post=1952"},{"taxonomy":"product_cat","embeddable":true,"href":"https:\/\/rudolfdesign.lv\/de\/wp-json\/wp\/v2\/product_cat?post=1952"},{"taxonomy":"product_tag","embeddable":true,"href":"https:\/\/rudolfdesign.lv\/de\/wp-json\/wp\/v2\/product_tag?post=1952"}],"curies":[{"name":"wp","href":"https:\/\/api.w.org\/{rel}","templated":true}]}}