{"id":1994,"date":"2021-02-03T18:53:08","date_gmt":"2021-02-03T16:53:08","guid":{"rendered":"https:\/\/rudolfdesign.lv\/?page_id=1994"},"modified":"2024-07-05T22:58:45","modified_gmt":"2024-07-05T19:58:45","slug":"kontakte","status":"publish","type":"page","link":"https:\/\/rudolfdesign.lv\/de\/kontakte\/","title":{"rendered":"Kontakte"},"content":{"rendered":"\n\n\t<section class=\"section\" id=\"section_982582034\">\n\t\t<div class=\"section-bg fill\" >\n\t\t\t<img loading=\"lazy\" decoding=\"async\" width=\"1200\" height=\"115\" src=\"https:\/\/rudolfdesign.lv\/wp-content\/smush-avif\/2024\/07\/bg7.jpg.avif\" class=\"bg attachment-original size-original\" alt=\"\" data-smush-avif-fallback=\"{&quot;src&quot;:&quot;https:\\\/\\\/rudolfdesign.lv\\\/wp-content\\\/uploads\\\/2024\\\/07\\\/bg7.jpg&quot;}\" \/>\t\t\t\t\t\t<div class=\"section-bg-overlay absolute fill\"><\/div>\n\t\t\t\n\n\t\t<\/div>\n\n\t\t\n\n\t\t<div class=\"section-content relative\">\n\t\t\t\n\n<div class=\"container section-title-container\" style=\"margin-top:35px;\"><h3 class=\"section-title section-title-bold-center\"><b aria-hidden=\"true\"><\/b><span class=\"section-title-main\" style=\"color:rgb(60, 60, 60);\">KONTAKTE<\/span><b aria-hidden=\"true\"><\/b><\/h3><\/div>\n\n\n\t\t<\/div>\n\n\t\t\n<style>\n#section_982582034 {\n  padding-top: 0px;\n  padding-bottom: 0px;\n}\n#section_982582034 .section-bg-overlay {\n  background-color: rgba(255, 255, 255, 0.75);\n}\n#section_982582034 .section-bg img {\n  object-position: 42% 32%;\n}\n<\/style>\n\t<\/section>\n\t\n\t<div id=\"gap-314320811\" class=\"gap-element clearfix\" style=\"display:block; height:auto;\">\n\t\t\n<style>\n#gap-314320811 {\n  padding-top: 50px;\n}\n<\/style>\n\t<\/div>\n\t\n\n<div class=\"row\"  id=\"row-2067701921\">\n\n\n\t<div id=\"col-1014340390\" class=\"col medium-6 large-6\"  >\n\t\t\t\t<div class=\"col-inner\"  >\n\t\t\t\n\t\t\t\n\n<div class=\"container section-title-container\" ><h3 class=\"section-title section-title-normal\"><b aria-hidden=\"true\"><\/b><span class=\"section-title-main\" >H\u00e4ufig gestellte Fragen<\/span><b aria-hidden=\"true\"><\/b><\/h3><\/div>\n\n<div class=\"accordion\">\n\n\t<div id=\"accordion-1722357361\" class=\"accordion-item\">\n\t\t<a id=\"accordion-1722357361-label\" class=\"accordion-title plain\" href=\"#accordion-item-mit-welchen-materialien-arbeiten-wir?\" aria-expanded=\"false\" aria-controls=\"accordion-1722357361-content\">\n\t\t\t<button class=\"toggle\" aria-label=\"Umschalten\"><i class=\"icon-angle-down\" aria-hidden=\"true\"><\/i><\/button>\n\t\t\t<span>Mit welchen Materialien arbeiten wir?<\/span>\n\t\t<\/a>\n\t\t<div id=\"accordion-1722357361-content\" class=\"accordion-inner\" aria-labelledby=\"accordion-1722357361-label\">\n\t\t\t\n\n<p>Wir arbeiten haupts\u00e4chlich mit Laubb\u00e4umen, Eichen und Eschen, aber es gibt keine Einschr\u00e4nkungen bei uns. Der Kunde kann auch exotische Baumarten wie Wenge, Zebra, Merbau u.a. ausw\u00e4hlen. Wir bieten dem Kunden normalerweise die vorteilhafteste und billigste Option an, d.h., hochfeste Materialien, die entsprechend, aber preisg\u00fcnstiger als Eiche sind. Und wir t\u00f6nen die Materialen so, dass man den Unterschied nicht einmal bemerkt. Wir arbeiten nicht mit OSB oder Spanplatten.<\/p>\n\n\t\t<\/div>\n\t<\/div>\n\t\n\t<div id=\"accordion-61778328\" class=\"accordion-item\">\n\t\t<a id=\"accordion-61778328-label\" class=\"accordion-title plain\" href=\"#accordion-item-welche-lacke,-\u00d6le-und-farben-verwenden-wir?\" aria-expanded=\"false\" aria-controls=\"accordion-61778328-content\">\n\t\t\t<button class=\"toggle\" aria-label=\"Umschalten\"><i class=\"icon-angle-down\" aria-hidden=\"true\"><\/i><\/button>\n\t\t\t<span>Welche Lacke, \u00d6le und Farben verwenden wir?<\/span>\n\t\t<\/a>\n\t\t<div id=\"accordion-61778328-content\" class=\"accordion-inner\" aria-labelledby=\"accordion-61778328-label\">\n\t\t\t\n\n<p>Wir arbeiten haupts\u00e4chlich mit skandinavischen \u00d6len und Wachsen, die umweltfreundlich sind und in Kinderspielzeug verwendet werden k\u00f6nnen.<\/p>\n\n\t\t<\/div>\n\t<\/div>\n\t\n\t<div id=\"accordion-2030933039\" class=\"accordion-item\">\n\t\t<a id=\"accordion-2030933039-label\" class=\"accordion-title plain\" href=\"#accordion-item-wie-wird-das-material-verarbeitet?\" aria-expanded=\"false\" aria-controls=\"accordion-2030933039-content\">\n\t\t\t<button class=\"toggle\" aria-label=\"Umschalten\"><i class=\"icon-angle-down\" aria-hidden=\"true\"><\/i><\/button>\n\t\t\t<span>Wie wird das Material verarbeitet?<\/span>\n\t\t<\/a>\n\t\t<div id=\"accordion-2030933039-content\" class=\"accordion-inner\" aria-labelledby=\"accordion-2030933039-label\">\n\t\t\t\n\n<p>Vor dem Fertigstellen wird das Material gemahlen, gefr\u00e4st und so verarbeitet, dass keine rauen oder scharfen Kanten entstehen. Es wird dann geschmiert, was zu einem Ton f\u00fchrt, der die Holzstruktur hervorhebt. Dar\u00fcber wird Wachs aufgetragen, das wiederum eine Schutzschicht bildet, die verhindert, dass die M\u00f6bel schmutzig werden, und gleichzeitig die Pflege erleichtert. Jedes unserer Produkte wird auf dem gleichen Niveau wie ein Hartholzboden behandelt, sodass praktisch kein Verschlei\u00df auftritt.<\/p>\n\n\t\t<\/div>\n\t<\/div>\n\t\n\t<div id=\"accordion-2817181539\" class=\"accordion-item\">\n\t\t<a id=\"accordion-2817181539-label\" class=\"accordion-title plain\" href=\"#accordion-item-sollen-wir-unsere-m\u00f6bel-nach-einer-weile-wieder-wachsen?\" aria-expanded=\"false\" aria-controls=\"accordion-2817181539-content\">\n\t\t\t<button class=\"toggle\" aria-label=\"Umschalten\"><i class=\"icon-angle-down\" aria-hidden=\"true\"><\/i><\/button>\n\t\t\t<span>Sollen wir unsere M\u00f6bel nach einer Weile wieder wachsen?<\/span>\n\t\t<\/a>\n\t\t<div id=\"accordion-2817181539-content\" class=\"accordion-inner\" aria-labelledby=\"accordion-2817181539-label\">\n\t\t\t\n\n<p>Wir haben in 10 Jahren noch keinen solchen Bedarf festgestellt.<\/p>\n\n\t\t<\/div>\n\t<\/div>\n\t\n\t<div id=\"accordion-295566035\" class=\"accordion-item\">\n\t\t<a id=\"accordion-295566035-label\" class=\"accordion-title plain\" href=\"#accordion-item-wie-man-bestellt?\" aria-expanded=\"false\" aria-controls=\"accordion-295566035-content\">\n\t\t\t<button class=\"toggle\" aria-label=\"Umschalten\"><i class=\"icon-angle-down\" aria-hidden=\"true\"><\/i><\/button>\n\t\t\t<span>Wie man bestellt?<\/span>\n\t\t<\/a>\n\t\t<div id=\"accordion-295566035-content\" class=\"accordion-inner\" aria-labelledby=\"accordion-295566035-label\">\n\t\t\t\n\n<p>Wenn Sie die gew\u00fcnschten M\u00f6bel nicht auf der Website finden, k\u00f6nnen wir sie auch individuell nach Ihren W\u00fcnschen und Gr\u00f6\u00dfen gestalten. Um es einfacher zu machen, w\u00e4re es nat\u00fcrlich sch\u00f6n, ein Bild oder eine Skizze von Ihnen zu bekommen, damit es zumindest einfacher Ihre Ideen zu verstehen ist. Sobald wir uns auf die spezifische Bestellung geeinigt haben, verlangen wir eine Vorauszahlung von 50% und der verbleibende Betrag muss erst nach Erhalt der M\u00f6bel bezahlt werden.<\/p>\n\n\t\t<\/div>\n\t<\/div>\n\t\n\t<div id=\"accordion-142515137\" class=\"accordion-item\">\n\t\t<a id=\"accordion-142515137-label\" class=\"accordion-title plain\" href=\"#accordion-item-wie-erhalte-ich-meine-m\u00f6bel?\" aria-expanded=\"false\" aria-controls=\"accordion-142515137-content\">\n\t\t\t<button class=\"toggle\" aria-label=\"Umschalten\"><i class=\"icon-angle-down\" aria-hidden=\"true\"><\/i><\/button>\n\t\t\t<span>Wie erhalte ich meine M\u00f6bel?<\/span>\n\t\t<\/a>\n\t\t<div id=\"accordion-142515137-content\" class=\"accordion-inner\" aria-labelledby=\"accordion-142515137-label\">\n\t\t\t\n\n<p>Sofern nicht anders vereinbart, werden die M\u00f6bel in der Regel vor Ort in die Werkstatt ausgestellt.<br \/>\nWenn die M\u00f6bel gro\u00df sind und zerlegt und wieder zusammengebaut werden m\u00fcssen, werden die M\u00f6bel bei Ankunft des Kunden wieder zusammengebaut. Wir zerlegen es zusammen und zeigen, wie man es zusammensetzt. Alles, was Sie tun m\u00fcssen, ist, selbst \u00fcber das Verpackungsmaterial nachzudenken, da wir es nicht zur Verf\u00fcgung stellen. Nat\u00fcrlich k\u00f6nnen Sie es gegen eine separate Geb\u00fchr erhalten. Wenn Sie den M\u00f6bel nicht selbst abholen k\u00f6nnen, k\u00f6nnen wir ihn auch liefern und montieren. Die Lieferpreise h\u00e4ngen vom Standort ab.<\/p>\n\n\t\t<\/div>\n\t<\/div>\n\t\n\n<\/div>\n\n\t\t<\/div>\n\t\t\t\t\t<\/div>\n\n\t\n\n\t<div id=\"col-1168158352\" class=\"col medium-6 large-6\"  >\n\t\t\t\t<div class=\"col-inner\"  >\n\t\t\t\n\t\t\t\n\n<div class=\"container section-title-container\" ><h3 class=\"section-title section-title-normal\"><b aria-hidden=\"true\"><\/b><span class=\"section-title-main\" >Bestellung legen<\/span><b aria-hidden=\"true\"><\/b><\/h3><\/div>\n\n<style id=\"wpforms-css-vars-3706\">\n\t\t\t\t#wpforms-3706 {\n\t\t\t\t\n\t\t\t}\n\t\t\t<\/style><div class=\"wpforms-container wpforms-container-full wpforms-render-modern\" id=\"wpforms-3706\"><form id=\"wpforms-form-3706\" class=\"wpforms-validate wpforms-form wpforms-ajax-form\" data-formid=\"3706\" method=\"post\" enctype=\"multipart\/form-data\" action=\"\/de\/wp-json\/wp\/v2\/pages\/1994\" data-token=\"b4cdc495ecbc59b52ba96de5539efb0d\" data-token-time=\"1778427796\"><noscript class=\"wpforms-error-noscript\">Bitte aktiviere JavaScript in deinem Browser, um dieses Formular fertigzustellen.<\/noscript><div id=\"wpforms-error-noscript\" style=\"display: none;\">Bitte aktiviere JavaScript in deinem Browser, um dieses Formular fertigzustellen.<\/div><div class=\"wpforms-field-container\"><div id=\"wpforms-3706-field_0-container\" class=\"wpforms-field wpforms-field-name\" data-field-id=\"0\"><label class=\"wpforms-field-label\" for=\"wpforms-3706-field_0\">Vorname Familienname <span class=\"wpforms-required-label\" aria-hidden=\"true\">*<\/span><\/label><input type=\"text\" id=\"wpforms-3706-field_0\" class=\"wpforms-field-medium wpforms-field-required\" name=\"wpforms[fields][0]\" aria-errormessage=\"wpforms-3706-field_0-error\" required><\/div><div id=\"wpforms-3706-field_1-container\" class=\"wpforms-field wpforms-field-email\" data-field-id=\"1\"><label class=\"wpforms-field-label\" for=\"wpforms-3706-field_1\">Ihre E-Mail Adresse <span class=\"wpforms-required-label\" aria-hidden=\"true\">*<\/span><\/label><input type=\"email\" id=\"wpforms-3706-field_1\" class=\"wpforms-field-medium wpforms-field-required\" name=\"wpforms[fields][1]\" spellcheck=\"false\" aria-errormessage=\"wpforms-3706-field_1-error\" required><\/div><div id=\"wpforms-3706-field_4-container\" class=\"wpforms-field wpforms-field-text\" data-field-id=\"4\"><label class=\"wpforms-field-label\" for=\"wpforms-3706-field_4\"> Betreff <span class=\"wpforms-required-label\" aria-hidden=\"true\">*<\/span><\/label><input type=\"text\" id=\"wpforms-3706-field_4\" class=\"wpforms-field-medium wpforms-field-required\" name=\"wpforms[fields][4]\" aria-errormessage=\"wpforms-3706-field_4-error\" required><\/div><div id=\"wpforms-3706-field_2-container\" class=\"wpforms-field wpforms-field-textarea\" data-field-id=\"2\"><label class=\"wpforms-field-label\" for=\"wpforms-3706-field_2\">Ihre Nachricht <span class=\"wpforms-required-label\" aria-hidden=\"true\">*<\/span><\/label><textarea id=\"wpforms-3706-field_2\" class=\"wpforms-field-medium wpforms-field-required\" name=\"wpforms[fields][2]\" aria-errormessage=\"wpforms-3706-field_2-error\" required><\/textarea><\/div><\/div><!-- .wpforms-field-container --><div class=\"wpforms-recaptcha-container wpforms-is-recaptcha wpforms-is-recaptcha-type-v3\" ><input type=\"hidden\" name=\"wpforms[recaptcha]\" value=\"\"><\/div><div class=\"wpforms-submit-container\" ><input type=\"hidden\" name=\"wpforms[id]\" value=\"3706\"><input type=\"hidden\" name=\"page_title\" value=\"\"><input type=\"hidden\" name=\"page_url\" value=\"https:\/\/rudolfdesign.lv\/de\/wp-json\/wp\/v2\/pages\/1994\"><input type=\"hidden\" name=\"url_referer\" value=\"https:\/\/rudolfdesign.lv\/de\/kontakte\/\"><button type=\"submit\" name=\"wpforms[submit]\" id=\"wpforms-submit-3706\" class=\"wpforms-submit\" data-alt-text=\"Senden...\" data-submit-text=\"BESTELLUNG LEGEN\" aria-live=\"assertive\" value=\"wpforms-submit\">BESTELLUNG LEGEN<\/button><img loading=\"lazy\" decoding=\"async\" src=\"https:\/\/rudolfdesign.lv\/wp-content\/plugins\/wpforms-lite\/assets\/images\/submit-spin.svg\" class=\"wpforms-submit-spinner\" style=\"display: none;\" width=\"26\" height=\"26\" alt=\"Wird geladen\"><\/div><\/form><\/div>  <!-- .wpforms-container -->\n\n\n\t\t<\/div>\n\t\t\t\t\t<\/div>\n\n\t\n\n<\/div>\n<div class=\"container section-title-container\" style=\"margin-top:25px;\"><h3 class=\"section-title section-title-normal\"><b aria-hidden=\"true\"><\/b><span class=\"section-title-main\" >Kontakte<\/span><b aria-hidden=\"true\"><\/b><\/h3><\/div>\n\n<div class=\"row\"  id=\"row-1430609271\">\n\n\n\t<div id=\"col-2079869141\" class=\"col medium-4 small-12 large-4\"  >\n\t\t\t\t<div class=\"col-inner\"  >\n\t\t\t\n\t\t\t\n\n<p><strong>Telefonnummer<\/strong><\/p>\n<i class=\"fa fa-phone \" ><\/i> <a href=\"tel:+371 29653487\">(+371) 29653487<\/a><\/p>\n\n\t\t<\/div>\n\t\t\t\t\t<\/div>\n\n\t\n\n\t<div id=\"col-1200777784\" class=\"col medium-4 small-12 large-4\"  >\n\t\t\t\t<div class=\"col-inner\"  >\n\t\t\t\n\t\t\t\n\n<p><strong>E-Mail Adresse<\/strong><\/p>\n<i class=\"fa fa-envelope \" ><\/i>\u00a0<a href=\"mailto:rudolfdesign@rudolfdesign.lv\">rudolfdesign@rudolfdesign.lv<\/a><\/p>\n\n\t\t<\/div>\n\t\t\t\t\t<\/div>\n\n\t\n\n\t<div id=\"col-1261037560\" class=\"col medium-4 small-12 large-4\"  >\n\t\t\t\t<div class=\"col-inner\"  >\n\t\t\t\n\t\t\t\n\n<p><strong>WhatsApp<\/strong><\/p>\n<i class=\"fa fa-whatsapp \" ><\/i>&nbsp;<a href=\"https:\/\/wa.me\/37129653487\" target=\"_blank\" rel=\"noopener\">(+371) 29653487<\/a><\/p>\n\n\t\t<\/div>\n\t\t\t\t\t<\/div>\n\n\t\n\n<\/div>\n<div class=\"container section-title-container\" style=\"margin-top:25px;\"><h3 class=\"section-title section-title-normal\"><b aria-hidden=\"true\"><\/b><span class=\"section-title-main\" >Partnerschaftsoptionen<\/span><b aria-hidden=\"true\"><\/b><\/h3><\/div>\n\n<div class=\"row\"  id=\"row-1676161724\">\n\n\n\t<div id=\"col-1944003573\" class=\"col small-12 large-12\"  >\n\t\t\t\t<div class=\"col-inner\"  >\n\t\t\t\n\t\t\t\n\n<p>Wir suchen Kooperationspartner, Einzelh\u00e4ndler, private H\u00e4ndler in verschiedenen M\u00e4rkten, H\u00e4ndler, die unser Produkt repr\u00e4sentieren k\u00f6nnten. Wir bieten eine Vielzahl von nicht standardm\u00e4\u00dfigen Produkten an, die sogar als \u00d6ko-Produkt bezeichnet werden k\u00f6nnen, da alle Produkte aus recyceltem Material oder Abfall hergestellt werden. Weitere Informationen per Telefon oder E-Mail.<\/p>\n\n\t\t<\/div>\n\t\t\t\t\t<\/div>\n\n\t\n\n<\/div>\n\n","protected":false},"excerpt":{"rendered":"","protected":false},"author":1,"featured_media":0,"parent":0,"menu_order":0,"comment_status":"closed","ping_status":"closed","template":"","meta":{"footnotes":""},"class_list":["post-1994","page","type-page","status-publish","hentry"],"_links":{"self":[{"href":"https:\/\/rudolfdesign.lv\/de\/wp-json\/wp\/v2\/pages\/1994","targetHints":{"allow":["GET"]}}],"collection":[{"href":"https:\/\/rudolfdesign.lv\/de\/wp-json\/wp\/v2\/pages"}],"about":[{"href":"https:\/\/rudolfdesign.lv\/de\/wp-json\/wp\/v2\/types\/page"}],"author":[{"embeddable":true,"href":"https:\/\/rudolfdesign.lv\/de\/wp-json\/wp\/v2\/users\/1"}],"replies":[{"embeddable":true,"href":"https:\/\/rudolfdesign.lv\/de\/wp-json\/wp\/v2\/comments?post=1994"}],"version-history":[{"count":0,"href":"https:\/\/rudolfdesign.lv\/de\/wp-json\/wp\/v2\/pages\/1994\/revisions"}],"wp:attachment":[{"href":"https:\/\/rudolfdesign.lv\/de\/wp-json\/wp\/v2\/media?parent=1994"}],"curies":[{"name":"wp","href":"https:\/\/api.w.org\/{rel}","templated":true}]}}